{"id":13992,"date":"2026-01-15T10:17:45","date_gmt":"2026-01-15T09:17:45","guid":{"rendered":"https:\/\/quimicamasul.es\/?post_type=product&#038;p=13992"},"modified":"2026-02-11T10:56:53","modified_gmt":"2026-02-11T09:56:53","slug":"quimasul-l-1008","status":"publish","type":"product","link":"https:\/\/quimicamasul.es\/it\/prodotto\/quimasul-l-1008\/","title":{"rendered":"QUIMASUL L-1008"},"content":{"rendered":"<p>\u00c8 uno sgrassatore professionale per lavanderia. Agisce in modo energico contro i grassi organici, senza lasciare residui sui capi lavati. Non \u00e8 corrosivo n\u00e9 infiammabile. Pu\u00f2 essere utilizzato come pre-trattamento prima di inserire il capo in lavatrice, applicandolo direttamente sulla macchia. Per ulteriori consigli, consultare il proprio Consulente Tecnico Commerciale.<\/p>\n","protected":false},"excerpt":{"rendered":"<p>\u00c8 uno sgrassatore professionale per lavanderia. Agisce in modo energico contro i grassi organici, senza lasciare residui sui capi lavati. Non \u00e8 corrosivo n\u00e9 infiammabile. Pu\u00f2 essere utilizzato come pre-trattamento prima di inserire il capo in lavatrice, applicandolo direttamente sulla macchia. Per ulteriori consigli, consultare il proprio Consulente Tecnico Commerciale.<\/p>\n","protected":false},"featured_media":14067,"comment_status":"open","ping_status":"closed","template":"","meta":[],"product_brand":[],"product_cat":[288],"product_tag":[],"class_list":{"0":"post-13992","1":"product","2":"type-product","3":"status-publish","4":"has-post-thumbnail","6":"product_cat-senza-categoria","8":"first","9":"instock","10":"shipping-taxable","11":"purchasable","12":"product-type-simple"},"yoast_head":"<!-- This site is optimized with the Yoast SEO Premium plugin v15.7 - https:\/\/yoast.com\/wordpress\/plugins\/seo\/ -->\n<title>QUIMASUL L-1008 - Qu\u00edmica Masul - Desinfectantes de Superficies<\/title>\n<meta name=\"robots\" content=\"index, follow, max-snippet:-1, max-image-preview:large, max-video-preview:-1\" \/>\n<link rel=\"canonical\" href=\"https:\/\/quimicamasul.es\/it\/prodotto\/quimasul-l-1008\/\" \/>\n<meta property=\"og:locale\" content=\"it_IT\" \/>\n<meta property=\"og:type\" content=\"article\" \/>\n<meta property=\"og:title\" content=\"QUIMASUL L-1008 - Qu\u00edmica Masul - Desinfectantes de Superficies\" \/>\n<meta property=\"og:description\" content=\"\u00c8 uno sgrassatore professionale per lavanderia. Agisce in modo energico contro i grassi organici, senza lasciare residui sui capi lavati. Non \u00e8 corrosivo n\u00e9 infiammabile. Pu\u00f2 essere utilizzato come pre-trattamento prima di inserire il capo in lavatrice, applicandolo direttamente sulla macchia. Per ulteriori consigli, consultare il proprio Consulente Tecnico Commerciale.\" \/>\n<meta property=\"og:url\" content=\"https:\/\/quimicamasul.es\/it\/prodotto\/quimasul-l-1008\/\" \/>\n<meta property=\"og:site_name\" content=\"Qu\u00edmica Masul - Desinfectantes de Superficies\" \/>\n<meta property=\"article:publisher\" content=\"https:\/\/www.facebook.com\/quimicamasul\/\" \/>\n<meta property=\"article:modified_time\" content=\"2026-02-11T09:56:53+00:00\" \/>\n<meta property=\"og:image\" content=\"https:\/\/quimicamasul.es\/wp-content\/uploads\/2026\/01\/7.png\" \/>\n\t<meta property=\"og:image:width\" content=\"500\" \/>\n\t<meta property=\"og:image:height\" content=\"500\" \/>\n<meta name=\"twitter:card\" content=\"summary_large_image\" \/>\n<meta name=\"twitter:site\" content=\"@masulquimica\" \/>\n<meta name=\"twitter:label1\" content=\"Est. reading time\">\n\t<meta name=\"twitter:data1\" content=\"1 minuto\">\n<script type=\"application\/ld+json\" class=\"yoast-schema-graph\">{\"@context\":\"https:\/\/schema.org\",\"@graph\":[{\"@type\":\"Organization\",\"@id\":\"https:\/\/quimicamasul.es\/it\/#organization\",\"name\":\"Qu\\u00edmica Masul\",\"url\":\"https:\/\/quimicamasul.es\/it\/\",\"sameAs\":[\"https:\/\/www.facebook.com\/quimicamasul\/\",\"https:\/\/www.instagram.com\/quimicamasul\/\",\"https:\/\/es.linkedin.com\/company\/quimica-verde-masul-sll\",\"https:\/\/www.youtube.com\/channel\/UCp3GkH2DxXj47lawOhw-CLA\",\"https:\/\/twitter.com\/masulquimica\"],\"logo\":{\"@type\":\"ImageObject\",\"@id\":\"https:\/\/quimicamasul.es\/it\/#logo\",\"inLanguage\":\"it-IT\",\"url\":\"https:\/\/quimicamasul.es\/wp-content\/uploads\/2013\/12\/logo-quimica-masul-webX2.png\",\"width\":682,\"height\":140,\"caption\":\"Qu\\u00edmica Masul\"},\"image\":{\"@id\":\"https:\/\/quimicamasul.es\/it\/#logo\"}},{\"@type\":\"WebSite\",\"@id\":\"https:\/\/quimicamasul.es\/it\/#website\",\"url\":\"https:\/\/quimicamasul.es\/it\/\",\"name\":\"Qu\\u00edmica Masul - Desinfectantes de Superficies\",\"description\":\"Desinfectantes de superficies para diferentes sectores\",\"publisher\":{\"@id\":\"https:\/\/quimicamasul.es\/it\/#organization\"},\"potentialAction\":[{\"@type\":\"SearchAction\",\"target\":\"https:\/\/quimicamasul.es\/it\/?s={search_term_string}\",\"query-input\":\"required name=search_term_string\"}],\"inLanguage\":\"it-IT\"},{\"@type\":\"ImageObject\",\"@id\":\"https:\/\/quimicamasul.es\/it\/prodotto\/quimasul-l-1008\/#primaryimage\",\"inLanguage\":\"it-IT\",\"url\":\"https:\/\/quimicamasul.es\/wp-content\/uploads\/2026\/01\/7.png\",\"width\":500,\"height\":500},{\"@type\":\"WebPage\",\"@id\":\"https:\/\/quimicamasul.es\/it\/prodotto\/quimasul-l-1008\/#webpage\",\"url\":\"https:\/\/quimicamasul.es\/it\/prodotto\/quimasul-l-1008\/\",\"name\":\"QUIMASUL L-1008 - Qu\\u00edmica Masul - Desinfectantes de Superficies\",\"isPartOf\":{\"@id\":\"https:\/\/quimicamasul.es\/it\/#website\"},\"primaryImageOfPage\":{\"@id\":\"https:\/\/quimicamasul.es\/it\/prodotto\/quimasul-l-1008\/#primaryimage\"},\"datePublished\":\"2026-01-15T09:17:45+00:00\",\"dateModified\":\"2026-02-11T09:56:53+00:00\",\"inLanguage\":\"it-IT\",\"potentialAction\":[{\"@type\":\"ReadAction\",\"target\":[\"https:\/\/quimicamasul.es\/it\/prodotto\/quimasul-l-1008\/\"]}]}]}<\/script>\n<!-- \/ Yoast SEO Premium plugin. -->","_links":{"self":[{"href":"https:\/\/quimicamasul.es\/it\/wp-json\/wp\/v2\/product\/13992","targetHints":{"allow":["GET"]}}],"collection":[{"href":"https:\/\/quimicamasul.es\/it\/wp-json\/wp\/v2\/product"}],"about":[{"href":"https:\/\/quimicamasul.es\/it\/wp-json\/wp\/v2\/types\/product"}],"replies":[{"embeddable":true,"href":"https:\/\/quimicamasul.es\/it\/wp-json\/wp\/v2\/comments?post=13992"}],"wp:featuredmedia":[{"embeddable":true,"href":"https:\/\/quimicamasul.es\/it\/wp-json\/wp\/v2\/media\/14067"}],"wp:attachment":[{"href":"https:\/\/quimicamasul.es\/it\/wp-json\/wp\/v2\/media?parent=13992"}],"wp:term":[{"taxonomy":"product_brand","embeddable":true,"href":"https:\/\/quimicamasul.es\/it\/wp-json\/wp\/v2\/product_brand?post=13992"},{"taxonomy":"product_cat","embeddable":true,"href":"https:\/\/quimicamasul.es\/it\/wp-json\/wp\/v2\/product_cat?post=13992"},{"taxonomy":"product_tag","embeddable":true,"href":"https:\/\/quimicamasul.es\/it\/wp-json\/wp\/v2\/product_tag?post=13992"}],"curies":[{"name":"wp","href":"https:\/\/api.w.org\/{rel}","templated":true}]}}