{"id":11216,"date":"2021-11-18T13:30:33","date_gmt":"2021-11-18T13:30:33","guid":{"rendered":"https:\/\/www.quimicamasul.es\/politica-de-cookies\/"},"modified":"2022-07-26T09:33:07","modified_gmt":"2022-07-26T09:33:07","slug":"politica-de-cookies","status":"publish","type":"page","link":"https:\/\/quimicamasul.es\/pt\/politica-de-cookies\/","title":{"rendered":"Pol\u00edtica de Cookies"},"content":{"rendered":"<p>[vc_row][vc_column][vc_column_text]Os cookies s\u00e3o pequenos ficheiros de texto gerados pelas p\u00e1ginas web que visita, que cont\u00eam dados de sess\u00e3o que podem ser \u00fateis mais tarde no site. Os dados permitem que a p\u00e1gina web mantenha as suas informa\u00e7\u00f5es entre p\u00e1ginas e tamb\u00e9m analise a forma como interage com o site. Os cookies s\u00e3o seguros pois s\u00f3 podem armazenar as informa\u00e7\u00f5es que foram colocadas no navegador, que \u00e9 a informa\u00e7\u00e3o que o usuario introduziu no navegador ou que est\u00e1 inclu\u00edda no pedido da p\u00e1gina. N\u00e3o podem executar c\u00f3digo e n\u00e3o podem ser usados para aceder ao seu computador.<\/p>\n<p>Os cookies s\u00e3o essenciais para o funcionamento da internet, proporcionando in\u00fameras vantagens na presta\u00e7\u00e3o de servi\u00e7os interactivos, facilitando a navega\u00e7\u00e3o e usabilidade da web. Os cookies n\u00e3o podem danificar o seu computador e o fato de estarem ativados ajuda a identificar e solucionar erros.<\/p>\n<p>A seguir, fornecemos mais informa\u00e7\u00f5es para que os diferentes tipos de cookies que podem ser utilizados sejam melhor compreendidos:<\/p>\n<p><strong>\u2013 Cookies de sess\u00e3o:<\/strong>\u00a0s\u00e3o cookies tempor\u00e1rios que permanecem no arquivo de cookies do navegador at\u00e9 que o site seja abandonado, de forma que nenhum seja gravado no disco r\u00edgido do usu\u00e1rio. As informa\u00e7\u00f5es obtidas por meio desses cookies s\u00e3o utilizadas para analisar os padr\u00f5es de tr\u00e1fego na web. No longo prazo, isso proporciona uma melhor experi\u00eancia para aprimorar o conte\u00fado e facilitar seu uso.<\/p>\n<p><strong>\u2013 Cookies permanentes:<\/strong>\u00a0s\u00e3o armazenados no disco r\u00edgido e o site os l\u00ea cada vez que \u00e9 feita uma nova visita. Apesar do nome, um site permanente tem uma determinada data de validade. O cookie deixar\u00e1 de funcionar ap\u00f3s essa data. Eles geralmente s\u00e3o usados \u200b\u200bpara facilitar os diferentes servi\u00e7os oferecidos pelas p\u00e1ginas da web.<\/p>\n<p>Abaixo, publicamos uma lista dos principais cookies utilizados em nossos sites, distinguindo:<\/p>\n<p>\u2013 <strong>Cookies estritamente necess\u00e1rios <\/strong>\u00a0como, por exemplo, aqueles que servem para uma navega\u00e7\u00e3o correta ou que permitem o pagamento de bens ou servi\u00e7os solicitados pelo usu\u00e1rio ou cookies que servem para garantir que o conte\u00fado do site seja carregado de forma eficiente.<\/p>\n<p>\u2013 <strong>Cookies de terceiros<\/strong>\u00a0como os usados \u200b\u200bpor redes sociais ou por suplementos de conte\u00fado externo.<\/p>\n<p>\u2013 <strong>Cookies anal\u00edticos <\/strong>\u00a0para fins de manuten\u00e7\u00e3o peri\u00f3dica e, de forma a garantir o melhor servi\u00e7o poss\u00edvel ao usu\u00e1rio, com os quais os sites recolhem dados estat\u00edsticos sobre a actividade.<\/p>\n<p>A ferramenta utilizada \u00e9 o Google Analytics.<\/p>\n<p><strong>Garantias complementares. Gerenciamento de cookies:<\/strong><\/p>\n<p>Todos os navegadores da Internet permitem que voc\u00ea limite o comportamento de um cookie ou desative os cookies nas configura\u00e7\u00f5es ou op\u00e7\u00f5es do navegador. As etapas para fazer isso s\u00e3o diferentes para cada navegador e as instru\u00e7\u00f5es podem ser encontradas no menu de ajuda de seu navegador.<\/p>\n<p>Muitos navegadores permitem que voc\u00ea ative um modo privado em que os cookies s\u00e3o sempre exclu\u00eddos ap\u00f3s a visita. Dependendo de cada navegador, este modo privado pode ter nomes diferentes. Abaixo voc\u00ea pode encontrar uma lista dos navegadores mais comuns com um link para as configura\u00e7\u00f5es de cookies e os diferentes nomes deste &#8220;modo privado&#8221;:<\/p>\n<ul>\n<li>Internet Explorer 8 e superior; InPrivate,\u00a0<a href=\"https:\/\/windows.microsoft.com\/es-es\/windows-vista\/block-or-allow-cookies\">gerenciamento de cookies<\/a><\/li>\n<li>Safari 2 e superior; Navega\u00e7\u00e3o privada,\u00a0<a href=\"https:\/\/support.apple.com\/es-es\/HT201265\">gerenciamento de cookies<\/a><\/li>\n<li>Opera 10.5 e superior; Navega\u00e7\u00e3o privada,\u00a0<a href=\"https:\/\/help.opera.com\/Windows\/11.50\/es-ES\/cookies.html\">gerenciamento de cookies<\/a><\/li>\n<li>FireFox 3.5 e superior; Navega\u00e7\u00e3o privada,\u00a0<a href=\"https:\/\/support.mozilla.org\/es\/kb\/habilitar-y-deshabilitar-cookies-sitios-web-rastrear-preferencias?redirectlocale=es&amp;redirectslug=habilitar-y-deshabilitar-cookies-que-los-sitios-we\">gerenciamento de cookies<\/a><\/li>\n<li>Google Chrome 10 e superior; Inc\u00f3gnito,\u00a0<a href=\"https:\/\/support.google.com\/chrome\/answer\/95647?hl=es\">gerenciamento de cookies<\/a><\/li>\n<\/ul>\n<p>O PROPRIET\u00c1RIO DO SITE pode usar cookies durante a presta\u00e7\u00e3o de servi\u00e7os do site. Cookies s\u00e3o arquivos f\u00edsicos de informa\u00e7\u00f5es pessoais armazenados no pr\u00f3prio terminal do usu\u00e1rio. O usu\u00e1rio tem a possibilidade de configurar o seu programa de navega\u00e7\u00e3o de forma a que seja impedida ou avisada a cria\u00e7\u00e3o de ficheiros de cookies.<\/p>\n<p>Caso opte por sair do nosso website atrav\u00e9s de links para websites que n\u00e3o pertencem \u00e0 nossa entidade, O PROPRIET\u00c1RIO DO WEBSITE n\u00e3o ser\u00e1 respons\u00e1vel pelas pol\u00edticas de privacidade dos referidos websites ou pelos cookies que estes possam armazenar no computador do usu\u00e1rio.<\/p>\n<p>Nossa pol\u00edtica com rela\u00e7\u00e3o a e-mail se concentra em enviar apenas comunica\u00e7\u00f5es que voc\u00ea solicitou receber.<\/p>\n<p>Se preferir n\u00e3o receber estas mensagens por e-mail, ofereceremos atrav\u00e9s delas a possibilidade de exercer o seu direito de cancelar e renunciar ao recebimento dessas mensagens, de acordo com o disposto no T\u00edtulo III, artigo 22 da Lei 34\/2002 sobre Servi\u00e7os para a Sociedade da Informa\u00e7\u00e3o e Com\u00e9rcio Eletr\u00f4nico.<\/p>\n<p>[\/vc_column_text][\/vc_column][\/vc_row]<\/p>\n","protected":false},"excerpt":{"rendered":"<p>[vc_row][vc_column][vc_column_text]Os cookies s\u00e3o pequenos ficheiros de texto gerados pelas p\u00e1ginas web que visita, que cont\u00eam dados de sess\u00e3o que podem ser \u00fateis mais tarde no site. Os dados permitem que a p\u00e1gina web mantenha as suas informa\u00e7\u00f5es entre p\u00e1ginas e tamb\u00e9m analise a forma como interage com o site. Os cookies s\u00e3o seguros pois s\u00f3 &#8230;<\/p>\n","protected":false},"author":1,"featured_media":11902,"parent":0,"menu_order":0,"comment_status":"closed","ping_status":"closed","template":"","meta":{"footnotes":""},"class_list":["post-11216","page","type-page","status-publish","has-post-thumbnail","hentry"],"yoast_head":"<!-- This site is optimized with the Yoast SEO Premium plugin v15.7 - https:\/\/yoast.com\/wordpress\/plugins\/seo\/ -->\n<title>Pol\u00edtica de Cookies - Qu\u00edmica Masul - Desinfectantes de Superficies<\/title>\n<meta name=\"description\" content=\"Pol\u00edtica de cookies do nosso s\u00edtio web.\" \/>\n<meta name=\"robots\" content=\"index, follow, max-snippet:-1, max-image-preview:large, max-video-preview:-1\" \/>\n<link rel=\"canonical\" href=\"https:\/\/quimicamasul.es\/pt\/politica-de-cookies\/\" \/>\n<meta property=\"og:locale\" content=\"pt_PT\" \/>\n<meta property=\"og:type\" content=\"article\" \/>\n<meta property=\"og:title\" content=\"Pol\u00edtica de Cookies - Qu\u00edmica Masul - Desinfectantes de Superficies\" \/>\n<meta property=\"og:description\" content=\"Pol\u00edtica de cookies do nosso s\u00edtio web.\" \/>\n<meta property=\"og:url\" content=\"https:\/\/quimicamasul.es\/pt\/politica-de-cookies\/\" \/>\n<meta property=\"og:site_name\" content=\"Qu\u00edmica Masul - Desinfectantes de Superficies\" \/>\n<meta property=\"article:publisher\" content=\"https:\/\/www.facebook.com\/quimicamasul\/\" \/>\n<meta property=\"article:modified_time\" content=\"2022-07-26T09:33:07+00:00\" \/>\n<meta property=\"og:image\" content=\"https:\/\/quimicamasul.es\/wp-content\/uploads\/2013\/12\/imagenes-destacada-docs-legales.jpg\" \/>\n\t<meta property=\"og:image:width\" content=\"1200\" \/>\n\t<meta property=\"og:image:height\" content=\"628\" \/>\n<meta name=\"twitter:card\" content=\"summary_large_image\" \/>\n<meta name=\"twitter:description\" content=\"Pol\u00edtica de cookies do nosso s\u00edtio web.\" \/>\n<meta name=\"twitter:site\" content=\"@masulquimica\" \/>\n<meta name=\"twitter:label1\" content=\"Est. reading time\">\n\t<meta name=\"twitter:data1\" content=\"4 minutes\">\n<script type=\"application\/ld+json\" class=\"yoast-schema-graph\">{\"@context\":\"https:\/\/schema.org\",\"@graph\":[{\"@type\":\"Organization\",\"@id\":\"https:\/\/quimicamasul.es\/pt\/#organization\",\"name\":\"Qu\\u00edmica Masul\",\"url\":\"https:\/\/quimicamasul.es\/pt\/\",\"sameAs\":[\"https:\/\/www.facebook.com\/quimicamasul\/\",\"https:\/\/www.instagram.com\/quimicamasul\/\",\"https:\/\/es.linkedin.com\/company\/quimica-verde-masul-sll\",\"https:\/\/www.youtube.com\/channel\/UCp3GkH2DxXj47lawOhw-CLA\",\"https:\/\/twitter.com\/masulquimica\"],\"logo\":{\"@type\":\"ImageObject\",\"@id\":\"https:\/\/quimicamasul.es\/pt\/#logo\",\"inLanguage\":\"pt\",\"url\":\"https:\/\/quimicamasul.es\/wp-content\/uploads\/2013\/12\/logo-quimica-masul-webX2.png\",\"width\":682,\"height\":140,\"caption\":\"Qu\\u00edmica Masul\"},\"image\":{\"@id\":\"https:\/\/quimicamasul.es\/pt\/#logo\"}},{\"@type\":\"WebSite\",\"@id\":\"https:\/\/quimicamasul.es\/pt\/#website\",\"url\":\"https:\/\/quimicamasul.es\/pt\/\",\"name\":\"Qu\\u00edmica Masul - Desinfectantes de Superficies\",\"description\":\"Desinfectantes de superficies para diferentes sectores\",\"publisher\":{\"@id\":\"https:\/\/quimicamasul.es\/pt\/#organization\"},\"potentialAction\":[{\"@type\":\"SearchAction\",\"target\":\"https:\/\/quimicamasul.es\/pt\/?s={search_term_string}\",\"query-input\":\"required name=search_term_string\"}],\"inLanguage\":\"pt\"},{\"@type\":\"ImageObject\",\"@id\":\"https:\/\/quimicamasul.es\/pt\/politica-de-cookies\/#primaryimage\",\"inLanguage\":\"pt\",\"url\":\"https:\/\/quimicamasul.es\/wp-content\/uploads\/2013\/12\/imagenes-destacada-docs-legales.jpg\",\"width\":1200,\"height\":628,\"caption\":\"Instalaciones de Qu\\u00edmica Masul\"},{\"@type\":\"WebPage\",\"@id\":\"https:\/\/quimicamasul.es\/pt\/politica-de-cookies\/#webpage\",\"url\":\"https:\/\/quimicamasul.es\/pt\/politica-de-cookies\/\",\"name\":\"Pol\\u00edtica de Cookies - Qu\\u00edmica Masul - Desinfectantes de Superficies\",\"isPartOf\":{\"@id\":\"https:\/\/quimicamasul.es\/pt\/#website\"},\"primaryImageOfPage\":{\"@id\":\"https:\/\/quimicamasul.es\/pt\/politica-de-cookies\/#primaryimage\"},\"datePublished\":\"2021-11-18T13:30:33+00:00\",\"dateModified\":\"2022-07-26T09:33:07+00:00\",\"description\":\"Pol\\u00edtica de cookies do nosso s\\u00edtio web.\",\"inLanguage\":\"pt\",\"potentialAction\":[{\"@type\":\"ReadAction\",\"target\":[\"https:\/\/quimicamasul.es\/pt\/politica-de-cookies\/\"]}]}]}<\/script>\n<!-- \/ Yoast SEO Premium plugin. -->","_links":{"self":[{"href":"https:\/\/quimicamasul.es\/pt\/wp-json\/wp\/v2\/pages\/11216","targetHints":{"allow":["GET"]}}],"collection":[{"href":"https:\/\/quimicamasul.es\/pt\/wp-json\/wp\/v2\/pages"}],"about":[{"href":"https:\/\/quimicamasul.es\/pt\/wp-json\/wp\/v2\/types\/page"}],"author":[{"embeddable":true,"href":"https:\/\/quimicamasul.es\/pt\/wp-json\/wp\/v2\/users\/1"}],"replies":[{"embeddable":true,"href":"https:\/\/quimicamasul.es\/pt\/wp-json\/wp\/v2\/comments?post=11216"}],"version-history":[{"count":0,"href":"https:\/\/quimicamasul.es\/pt\/wp-json\/wp\/v2\/pages\/11216\/revisions"}],"wp:featuredmedia":[{"embeddable":true,"href":"https:\/\/quimicamasul.es\/pt\/wp-json\/wp\/v2\/media\/11902"}],"wp:attachment":[{"href":"https:\/\/quimicamasul.es\/pt\/wp-json\/wp\/v2\/media?parent=11216"}],"curies":[{"name":"wp","href":"https:\/\/api.w.org\/{rel}","templated":true}]}}