{"id":11218,"date":"2021-11-18T13:06:00","date_gmt":"2021-11-18T13:06:00","guid":{"rendered":"https:\/\/www.quimicamasul.es\/politica-de-privacidade\/"},"modified":"2022-07-26T09:32:11","modified_gmt":"2022-07-26T09:32:11","slug":"politica-de-privacidade","status":"publish","type":"page","link":"https:\/\/quimicamasul.es\/pt\/politica-de-privacidade\/","title":{"rendered":"Pol\u00edtica de Privacidade"},"content":{"rendered":"<p>[vc_row][vc_column][vc_column_text]<\/p>\r\n\r\n<p><strong>Respons\u00e1vel pelo tratamento<\/strong> O controlador de dados respons\u00e1vel pelo tratamento \u00e9:<\/p>\r\n<ul>\r\n<li>Qu\u00edmica Masul<\/li>\r\n<li>Calle La Gitanilla, 37, 29004 M\u00e1laga<\/li>\r\n<li>Telefone: (+34)\u00a0952 05 65 38<\/li>\r\n<\/ul>\r\n<p><strong>Objetivos e base jur\u00eddica do tratamento<\/strong> A Qu\u00edmica Masul processar\u00e1 os dados pessoais dos usu\u00e1rios do site para os fins identificados a seguir: <strong>Em rela\u00e7\u00e3o ao &#8220;formul\u00e1rio de contato&#8221; para entrar em contato com a Qu\u00edmica Masul<\/strong> <strong>Objetivo 1:\u00a0<\/strong>atender \u00e0 consulta em quest\u00e3o, juntamente com o envio das informa\u00e7\u00f5es solicitadas pelo usu\u00e1rio. <strong>Base jur\u00eddica que legitima este tratamento: a celebra\u00e7\u00e3o da rela\u00e7\u00e3o contratual ou pr\u00e9-contratual com a Qu\u00edmica Masul<\/strong> <strong>Destinat\u00e1rios<\/strong> Os dados pessoais dos interessados \u200b\u200bser\u00e3o comunicados aos destinat\u00e1rios indicados a seguir: <strong>Em rela\u00e7\u00e3o ao &#8220;formul\u00e1rio de contato&#8221; para entrar em contato com a Qu\u00edmica Masul.<\/strong> N\u00e3o h\u00e1 comunica\u00e7\u00e3o com terceiros. <strong>Transfer\u00eancias para pa\u00edses terceiros<\/strong> N\u00e3o h\u00e1 transfer\u00eancias internacionais para fora da Uni\u00e3o Europeia. <strong>Per\u00edodos de conserva\u00e7\u00e3o<\/strong> Os dados pessoais ser\u00e3o mantidos: <strong>Em rela\u00e7\u00e3o ao \u201cformul\u00e1rio de contato\u201d para entrar em contato com a Qu\u00edmica Masul: <\/strong>at\u00e9 que o usu\u00e1rio solicite o apagamento de seus dados. <strong>Direitos das partes interessadas<\/strong> Os usu\u00e1rios do site podem exercer perante a Qu\u00edmica Masul, na medida em que forem aplic\u00e1veis, os seguintes direitos: acesso a dados pessoais, retifica\u00e7\u00e3o, exclus\u00e3o, limita\u00e7\u00e3o de tratamento, oposi\u00e7\u00e3o ao tratamento, portabilidade de dados e, quando o tratamento se basear em consentimento, o direito de retir\u00e1-lo a qualquer momento. O usu\u00e1rio pode exercer estes direitos, identificando-se devidamente com o seu RG e endere\u00e7ando-o por correio, correio eletr\u00f3nico ou telefone. Os utilizadores tamb\u00e9m t\u00eam o direito de apresentar uma queixa \u00e0 autoridade competente em mat\u00e9ria de protec\u00e7\u00e3o de dados (a Ag\u00eancia Espanhola de Protec\u00e7\u00e3o de Dados) se considerarem que os seus direitos foram violados. [\/vc_column_text][\/vc_column][\/vc_row]<\/p>","protected":false},"excerpt":{"rendered":"<p>[vc_row][vc_column][vc_column_text] Respons\u00e1vel pelo tratamento O controlador de dados respons\u00e1vel pelo tratamento \u00e9: Qu\u00edmica Masul Calle La Gitanilla, 37, 29004 M\u00e1laga Telefone: (+34)\u00a0952 05 65 38 Objetivos e base jur\u00eddica do tratamento A Qu\u00edmica Masul processar\u00e1 os dados pessoais dos usu\u00e1rios do site para os fins identificados a seguir: Em rela\u00e7\u00e3o ao &#8220;formul\u00e1rio de contato&#8221; para &#8230;<\/p>\n","protected":false},"author":1,"featured_media":11902,"parent":0,"menu_order":0,"comment_status":"closed","ping_status":"open","template":"","meta":{"footnotes":""},"class_list":["post-11218","page","type-page","status-publish","has-post-thumbnail","hentry"],"yoast_head":"<!-- This site is optimized with the Yoast SEO Premium plugin v15.7 - https:\/\/yoast.com\/wordpress\/plugins\/seo\/ -->\n<title>Pol\u00edtica de Privacidade - Qu\u00edmica Masul - Desinfectantes de Superficies<\/title>\n<meta name=\"description\" content=\"Pol\u00edtica de privacidade do nosso website.\" \/>\n<meta name=\"robots\" content=\"index, follow, max-snippet:-1, max-image-preview:large, max-video-preview:-1\" \/>\n<link rel=\"canonical\" href=\"https:\/\/quimicamasul.es\/pt\/politica-de-privacidade\/\" \/>\n<meta property=\"og:locale\" content=\"pt_PT\" \/>\n<meta property=\"og:type\" content=\"article\" \/>\n<meta property=\"og:title\" content=\"Pol\u00edtica de Privacidade - Qu\u00edmica Masul - Desinfectantes de Superficies\" \/>\n<meta property=\"og:description\" content=\"Pol\u00edtica de privacidade do nosso website.\" \/>\n<meta property=\"og:url\" content=\"https:\/\/quimicamasul.es\/pt\/politica-de-privacidade\/\" \/>\n<meta property=\"og:site_name\" content=\"Qu\u00edmica Masul - Desinfectantes de Superficies\" \/>\n<meta property=\"article:publisher\" content=\"https:\/\/www.facebook.com\/quimicamasul\/\" \/>\n<meta property=\"article:modified_time\" content=\"2022-07-26T09:32:11+00:00\" \/>\n<meta property=\"og:image\" content=\"https:\/\/quimicamasul.es\/wp-content\/uploads\/2013\/12\/imagenes-destacada-docs-legales.jpg\" \/>\n\t<meta property=\"og:image:width\" content=\"1200\" \/>\n\t<meta property=\"og:image:height\" content=\"628\" \/>\n<meta name=\"twitter:card\" content=\"summary_large_image\" \/>\n<meta name=\"twitter:description\" content=\"Pol\u00edtica de privacidade do nosso website.\" \/>\n<meta name=\"twitter:site\" content=\"@masulquimica\" \/>\n<meta name=\"twitter:label1\" content=\"Est. reading time\">\n\t<meta name=\"twitter:data1\" content=\"2 minutes\">\n<script type=\"application\/ld+json\" class=\"yoast-schema-graph\">{\"@context\":\"https:\/\/schema.org\",\"@graph\":[{\"@type\":\"Organization\",\"@id\":\"https:\/\/quimicamasul.es\/pt\/#organization\",\"name\":\"Qu\\u00edmica Masul\",\"url\":\"https:\/\/quimicamasul.es\/pt\/\",\"sameAs\":[\"https:\/\/www.facebook.com\/quimicamasul\/\",\"https:\/\/www.instagram.com\/quimicamasul\/\",\"https:\/\/es.linkedin.com\/company\/quimica-verde-masul-sll\",\"https:\/\/www.youtube.com\/channel\/UCp3GkH2DxXj47lawOhw-CLA\",\"https:\/\/twitter.com\/masulquimica\"],\"logo\":{\"@type\":\"ImageObject\",\"@id\":\"https:\/\/quimicamasul.es\/pt\/#logo\",\"inLanguage\":\"pt\",\"url\":\"https:\/\/quimicamasul.es\/wp-content\/uploads\/2013\/12\/logo-quimica-masul-webX2.png\",\"width\":682,\"height\":140,\"caption\":\"Qu\\u00edmica Masul\"},\"image\":{\"@id\":\"https:\/\/quimicamasul.es\/pt\/#logo\"}},{\"@type\":\"WebSite\",\"@id\":\"https:\/\/quimicamasul.es\/pt\/#website\",\"url\":\"https:\/\/quimicamasul.es\/pt\/\",\"name\":\"Qu\\u00edmica Masul - Desinfectantes de Superficies\",\"description\":\"Desinfectantes de superficies para diferentes sectores\",\"publisher\":{\"@id\":\"https:\/\/quimicamasul.es\/pt\/#organization\"},\"potentialAction\":[{\"@type\":\"SearchAction\",\"target\":\"https:\/\/quimicamasul.es\/pt\/?s={search_term_string}\",\"query-input\":\"required name=search_term_string\"}],\"inLanguage\":\"pt\"},{\"@type\":\"ImageObject\",\"@id\":\"https:\/\/quimicamasul.es\/pt\/politica-de-privacidade\/#primaryimage\",\"inLanguage\":\"pt\",\"url\":\"https:\/\/quimicamasul.es\/wp-content\/uploads\/2013\/12\/imagenes-destacada-docs-legales.jpg\",\"width\":1200,\"height\":628,\"caption\":\"Instalaciones de Qu\\u00edmica Masul\"},{\"@type\":\"WebPage\",\"@id\":\"https:\/\/quimicamasul.es\/pt\/politica-de-privacidade\/#webpage\",\"url\":\"https:\/\/quimicamasul.es\/pt\/politica-de-privacidade\/\",\"name\":\"Pol\\u00edtica de Privacidade - Qu\\u00edmica Masul - Desinfectantes de Superficies\",\"isPartOf\":{\"@id\":\"https:\/\/quimicamasul.es\/pt\/#website\"},\"primaryImageOfPage\":{\"@id\":\"https:\/\/quimicamasul.es\/pt\/politica-de-privacidade\/#primaryimage\"},\"datePublished\":\"2021-11-18T13:06:00+00:00\",\"dateModified\":\"2022-07-26T09:32:11+00:00\",\"description\":\"Pol\\u00edtica de privacidade do nosso website.\",\"inLanguage\":\"pt\",\"potentialAction\":[{\"@type\":\"ReadAction\",\"target\":[\"https:\/\/quimicamasul.es\/pt\/politica-de-privacidade\/\"]}]}]}<\/script>\n<!-- \/ Yoast SEO Premium plugin. -->","_links":{"self":[{"href":"https:\/\/quimicamasul.es\/pt\/wp-json\/wp\/v2\/pages\/11218","targetHints":{"allow":["GET"]}}],"collection":[{"href":"https:\/\/quimicamasul.es\/pt\/wp-json\/wp\/v2\/pages"}],"about":[{"href":"https:\/\/quimicamasul.es\/pt\/wp-json\/wp\/v2\/types\/page"}],"author":[{"embeddable":true,"href":"https:\/\/quimicamasul.es\/pt\/wp-json\/wp\/v2\/users\/1"}],"replies":[{"embeddable":true,"href":"https:\/\/quimicamasul.es\/pt\/wp-json\/wp\/v2\/comments?post=11218"}],"version-history":[{"count":0,"href":"https:\/\/quimicamasul.es\/pt\/wp-json\/wp\/v2\/pages\/11218\/revisions"}],"wp:featuredmedia":[{"embeddable":true,"href":"https:\/\/quimicamasul.es\/pt\/wp-json\/wp\/v2\/media\/11902"}],"wp:attachment":[{"href":"https:\/\/quimicamasul.es\/pt\/wp-json\/wp\/v2\/media?parent=11218"}],"curies":[{"name":"wp","href":"https:\/\/api.w.org\/{rel}","templated":true}]}}