{"id":11223,"date":"2021-11-18T12:49:54","date_gmt":"2021-11-18T12:49:54","guid":{"rendered":"https:\/\/www.quimicamasul.es\/contato\/"},"modified":"2024-03-07T15:01:00","modified_gmt":"2024-03-07T14:01:00","slug":"contato","status":"publish","type":"page","link":"https:\/\/quimicamasul.es\/pt\/contato\/","title":{"rendered":"Contato"},"content":{"rendered":"<p>[vc_row el_class=&#8221;formulario-contacto main&#8221;][vc_column][vc_row_inner][vc_column_inner width=&#8221;1\/3&#8243;][vc_custom_heading text=&#8221;FORMULARIO&#8221; font_container=&#8221;tag:h2|font_size:28px|text_align:left&#8221; use_theme_fonts=&#8221;yes&#8221;][vc_empty_space height=&#8221;10px&#8221;]\n<div class=\"wpcf7 no-js\" id=\"wpcf7-f11395-o1\" lang=\"es-ES\" dir=\"ltr\" data-wpcf7-id=\"11395\">\n<div class=\"screen-reader-response\"><p role=\"status\" aria-live=\"polite\" aria-atomic=\"true\"><\/p> <ul><\/ul><\/div>\n<form action=\"\/pt\/wp-json\/wp\/v2\/pages\/11223#wpcf7-f11395-o1\" method=\"post\" class=\"wpcf7-form init\" aria-label=\"Contact form\" novalidate=\"novalidate\" data-status=\"init\">\n<fieldset class=\"hidden-fields-container\"><input type=\"hidden\" name=\"_wpcf7\" value=\"11395\" \/><input type=\"hidden\" name=\"_wpcf7_version\" value=\"6.1.5\" \/><input type=\"hidden\" name=\"_wpcf7_locale\" value=\"es_ES\" \/><input type=\"hidden\" name=\"_wpcf7_unit_tag\" value=\"wpcf7-f11395-o1\" \/><input type=\"hidden\" name=\"_wpcf7_container_post\" value=\"0\" \/><input type=\"hidden\" name=\"_wpcf7_posted_data_hash\" value=\"\" \/><input type=\"hidden\" name=\"_wpcf7_recaptcha_response\" value=\"\" \/>\n<\/fieldset>\n<p><span class=\"wpcf7-form-control-wrap\" data-name=\"text-588\"><input size=\"40\" maxlength=\"400\" class=\"wpcf7-form-control wpcf7-text\" aria-invalid=\"false\" placeholder=\"Nome\" value=\"\" type=\"text\" name=\"text-588\" \/><\/span><br \/>\n<span class=\"wpcf7-form-control-wrap\" data-name=\"tel-23\"><input size=\"40\" maxlength=\"400\" class=\"wpcf7-form-control wpcf7-tel wpcf7-text wpcf7-validates-as-tel\" aria-invalid=\"false\" placeholder=\"Telefone\" value=\"\" type=\"tel\" name=\"tel-23\" \/><\/span><br \/>\n<span class=\"wpcf7-form-control-wrap\" data-name=\"email-844\"><input size=\"40\" maxlength=\"400\" class=\"wpcf7-form-control wpcf7-email wpcf7-validates-as-required wpcf7-text wpcf7-validates-as-email\" aria-required=\"true\" aria-invalid=\"false\" placeholder=\"E-mail (Requeridos)\" value=\"\" type=\"email\" name=\"email-844\" \/><\/span><br \/>\n<span class=\"wpcf7-form-control-wrap\" data-name=\"menu-449\"><select class=\"wpcf7-form-control wpcf7-select wpcf7-validates-as-required\" aria-required=\"true\" aria-invalid=\"false\" name=\"menu-449\"><option value=\"\">\u00bfComo voc\u00ea nos conheceu? (Requeridos)<\/option><option value=\"Internet\">Internet<\/option><option value=\"Redes Sociais\">Redes Sociais<\/option><option value=\"Recomenda\u00e7\u00e3o\">Recomenda\u00e7\u00e3o<\/option><option value=\"Email Marketing\">Email Marketing<\/option><\/select><\/span><br \/>\nComent\u00e1rios:<span class=\"wpcf7-form-control-wrap\" data-name=\"textarea-515\"><textarea cols=\"40\" rows=\"13\" maxlength=\"280\" class=\"wpcf7-form-control wpcf7-textarea\" aria-invalid=\"false\" name=\"textarea-515\"><\/textarea><\/span>\n<\/p>\n<p><span style=\"display:block; float:left;\"><span class=\"wpcf7-form-control-wrap\" data-name=\"acceptance-932\"><span class=\"wpcf7-form-control wpcf7-acceptance\"><span class=\"wpcf7-list-item\"><input type=\"checkbox\" name=\"acceptance-932\" value=\"1\" aria-invalid=\"false\" \/><\/span><\/span><\/span><\/span>&nbsp;&nbsp;<span>Li e aceito as <a href=\"\/pt\/aviso-legal\" style=\"color:#94bb54;\">Aviso legal<\/a><\/span><br \/>\n<div class=\"cf7-cf-turnstile\" style=\"margin-top: 0px; margin-bottom: -15px;\"> <div id=\"cf-turnstile-cf7-3605644335\" class=\"cf-turnstile\" data-sitekey=\"0x4AAAAAACI22lIozBKBhOhu\" data-theme=\"light\" data-language=\"auto\" data-size=\"normal\" data-retry=\"auto\" data-retry-interval=\"1000\" data-refresh-expired=\"auto\" data-action=\"contact-form-7\" data-appearance=\"always\"><\/div> <script>document.addEventListener(\"DOMContentLoaded\", function() { setTimeout(function(){ var e=document.getElementById(\"cf-turnstile-cf7-3605644335\"); e&&!e.innerHTML.trim()&&(turnstile.remove(\"#cf-turnstile-cf7-3605644335\"), turnstile.render(\"#cf-turnstile-cf7-3605644335\", {sitekey:\"0x4AAAAAACI22lIozBKBhOhu\"})); }, 100); });<\/script> <br class=\"cf-turnstile-br cf-turnstile-br-cf7-3605644335\"> <style>#cf-turnstile-cf7-3605644335 { margin-left: -15px; }<\/style> <script>document.addEventListener(\"DOMContentLoaded\",function(){document.querySelectorAll('.wpcf7-form').forEach(function(e){e.addEventListener('submit',function(){if(document.getElementById('cf-turnstile-cf7-3605644335')){setTimeout(function(){turnstile.reset('#cf-turnstile-cf7-3605644335');},1000)}})})});<\/script> <\/div><br\/><input class=\"wpcf7-form-control wpcf7-submit has-spinner\" type=\"submit\" value=\"Mandar\" \/>\n<\/p>\n<p style=\"font-size:10px;\">Enviar: Respons\u00e1vel pelo tratamento de dados: QU\u00cdMICA MASUL - Objetivo: Gerir o seu pedido. - Legitima\u00e7\u00e3o: ao clicar no bot\u00e3o \"Mandar\" est\u00e1 a consentir que os dados sejam tratados de acordo com as seguintes condi\u00e7\u00f5es <a style=\"color:#94bb54;\" href=\"\/pt\/politica-de-privacidade\">a pol\u00edtica de privacidade<\/a>\n<\/p><p style=\"display: none !important;\" class=\"akismet-fields-container\" data-prefix=\"_wpcf7_ak_\"><label>&#916;<textarea name=\"_wpcf7_ak_hp_textarea\" cols=\"45\" rows=\"8\" maxlength=\"100\"><\/textarea><\/label><input type=\"hidden\" id=\"ak_js_1\" name=\"_wpcf7_ak_js\" value=\"133\"\/><script>document.getElementById( \"ak_js_1\" ).setAttribute( \"value\", ( new Date() ).getTime() );<\/script><\/p><div class=\"wpcf7-response-output\" aria-hidden=\"true\"><\/div>\n<\/form>\n<\/div>\n[\/vc_column_inner][vc_column_inner el_class=&#8221;info-mapa&#8221; width=&#8221;2\/3&#8243;][vc_custom_heading text=&#8221;INFORMA\u00c7\u00c3O DE CONTATO&#8221; font_container=&#8221;tag:h2|font_size:28px|text_align:left&#8221; use_theme_fonts=&#8221;yes&#8221;][vc_empty_space height=&#8221;10px&#8221;][vc_column_text css=&#8221;.vc_custom_1613383601054{margin-bottom: 0px !important;padding-bottom: 0px !important;}&#8221;]<\/p>\n<div class=\"icono-contacto\"><i class=\"fa fa-mobile\" aria-hidden=\"true\"><\/i><a class=\"\" href=\"tel:+34622070061\">+34 622 07 00 61<\/a><\/div>\n<div class=\"icono-contacto\"><i class=\"fa fa-phone\" aria-hidden=\"true\"><\/i><a class=\"\" href=\"tel:+34952056538\">+34 952 05 65 38<\/a><\/div>\n<div class=\"icono-contacto\"><i class=\"fa fa-envelope\" aria-hidden=\"true\"> <\/i><a class=\"\" href=\"mailto:adrian.serrano@quimicamasul.es\">Email<\/a><\/div>\n<div class=\"icono-contacto\"><i class=\"fa fa-map-marker\" aria-hidden=\"true\"><\/i>\u00a0<a href=\"https:\/\/www.google.com\/maps?ll=36.701243,-4.496797&amp;z=16&amp;t=m&amp;hl=es&amp;gl=ES&amp;mapclient=embed&amp;cid=1820169267843590037\" target=\"_blank\" rel=\"noopener\">Calle la Gitanilla, 37, 29004 M\u00e1laga<\/a><\/div>\n<p>[\/vc_column_text][vc_empty_space height=&#8221;10px&#8221;][vc_custom_heading text=&#8221;SIGA-NOS&#8221; font_container=&#8221;tag:h2|font_size:28px|text_align:left&#8221; use_theme_fonts=&#8221;yes&#8221;][vc_empty_space height=&#8221;10px&#8221;][vc_raw_html]JTNDZGl2JTIwY2xhc3MlM0QlMjJzb2NpYWwtbm90aWZpY2F0aW9uJTIyJTNFJTBBJTA5JTA5JTA5JTA5JTA5JTA5JTA5JTA5JTA5JTA5JTA5JTA5JTA5JTNDYSUyMHRhcmdldCUzRCUyMl9ibGFuayUyMiUyMGhyZWYlM0QlMjJodHRwcyUzQSUyRiUyRmVzLmxpbmtlZGluLmNvbSUyRmNvbXBhbnklMkZxdWltaWNhLXZlcmRlLW1hc3VsLXNsbCUyMiUzRSUzQ2klMjBjbGFzcyUzRCUyMmZhJTIwZmEtbGlua2VkaW4lMjIlMjBhcmlhLWhpZGRlbiUzRCUyMnRydWUlMjIlM0UlM0MlMkZpJTNFJTNDJTJGYSUzRSUwOSUwOSUwQSUwOSUwOSUwOSUwOSUwOSUwOSUwOSUwOSUwOSUwOSUwOSUwOSUwOSUzQ2ElMjB0YXJnZXQlM0QlMjJfYmxhbmslMjIlMjBocmVmJTNEJTIyaHR0cHMlM0ElMkYlMkZ0d2l0dGVyLmNvbSUyRm1hc3VscXVpbWljYSUyMiUzRSUzQ2klMjBjbGFzcyUzRCUyMmZhJTIwZmEtYnJhbmRzJTIwZmEteC10d2l0dGVyJTIyJTIwYXJpYS1oaWRkZW4lM0QlMjJ0cnVlJTIyJTNFJTNDJTJGaSUzRSUzQyUyRmElM0UlMDklMDklMEElMDklMDklMDklMDklMDklMDklMDklMDklMDklMDklMDklMDklMDklM0NhJTIwdGFyZ2V0JTNEJTIyX2JsYW5rJTIyJTIwaHJlZiUzRCUyMmh0dHBzJTNBJTJGJTJGZXMtZXMuZmFjZWJvb2suY29tJTJGcXVpbWljYW1hc3VsJTJGJTIyJTNFJTNDaSUyMGNsYXNzJTNEJTIyZmElMjBmYS1mYWNlYm9vayUyMiUyMGFyaWEtaGlkZGVuJTNEJTIydHJ1ZSUyMiUzRSUzQyUyRmklM0UlM0MlMkZhJTNFJTA5JTA5JTBBJTA5JTA5JTA5JTA5JTA5JTA5JTA5JTA5JTA5JTA5JTA5JTA5JTA5JTNDYSUyMHRhcmdldCUzRCUyMl9ibGFuayUyMiUyMGhyZWYlM0QlMjJodHRwcyUzQSUyRiUyRnd3dy5pbnN0YWdyYW0uY29tJTJGcXVpbWljYW1hc3VsJTJGJTIyJTNFJTNDaSUyMGNsYXNzJTNEJTIyZmElMjBmYS1pbnN0YWdyYW0lMjIlMjBhcmlhLWhpZGRlbiUzRCUyMnRydWUlMjIlM0UlM0MlMkZpJTNFJTNDJTJGYSUzRSUwOSUwOSUwQSUwOSUwOSUwOSUwOSUwOSUwOSUwOSUwOSUwOSUwOSUwOSUwOSUwOSUzQ2ElMjB0YXJnZXQlM0QlMjJfYmxhbmslMjIlMjBocmVmJTNEJTIyaHR0cHMlM0ElMkYlMkZ3d3cueW91dHViZS5jb20lMkZjaGFubmVsJTJGVUNwM0drSDJEeFhqNDdsYXdPaHctQ0xBJTIyJTNFJTNDaSUyMGNsYXNzJTNEJTIyZmElMjBmYS15b3V0dWJlJTIyJTIwYXJpYS1oaWRkZW4lM0QlMjJ0cnVlJTIyJTNFJTNDJTJGaSUzRSUzQyUyRmElM0UlMDklMDklMEElMDklMDklMDklMDklMDklMDklMDklMDklMDklMEElMDklMDklMDklMDklMDklM0MlMkZkaXYlM0U=[\/vc_raw_html][vc_custom_heading text=&#8221;ONDE ESTAMOS?&#8221; font_container=&#8221;tag:h2|font_size:28px|text_align:left&#8221; use_theme_fonts=&#8221;yes&#8221;][vc_column_text css=&#8221;.vc_custom_1709819928443{margin-top: 0px !important;padding-top: 0px !important;}&#8221;]<iframe class=\"mapa\" style=\"height: 400px; width: 100% !important;\" tabindex=\"0\" src=\"https:\/\/www.google.com\/maps\/embed?pb=!1m18!1m12!1m3!1d3198.8872384002675!2d-4.498985884489593!3d36.70124748096277!2m3!1f0!2f0!3f0!3m2!1i1024!2i768!4f13.1!3m3!1m2!1s0xd72f0a13daf03e7%3A0x19428a4e30e66795!2sQu%C3%ADmica%20Masul!5e0!3m2!1ses!2ses!4v1613046094556!5m2!1ses!2ses\" frameborder=\"0\" allowfullscreen=\"allowfullscreen\" aria-hidden=\"false\"><\/iframe>[\/vc_column_text][vc_empty_space height=&#8221;10px&#8221;][\/vc_column_inner][\/vc_row_inner][vc_empty_space height=&#8221;40px&#8221;][\/vc_column][\/vc_row]<\/p>\n","protected":false},"excerpt":{"rendered":"<p>[vc_row el_class=&#8221;formulario-contacto main&#8221;][vc_column][vc_row_inner][vc_column_inner width=&#8221;1\/3&#8243;][vc_custom_heading text=&#8221;FORMULARIO&#8221; font_container=&#8221;tag:h2|font_size:28px|text_align:left&#8221; use_theme_fonts=&#8221;yes&#8221;][vc_empty_space height=&#8221;10px&#8221;] \u00bfComo voc\u00ea nos conheceu? (Requeridos)InternetRedes SociaisRecomenda\u00e7\u00e3oEmail Marketing Coment\u00e1rios: &nbsp;&nbsp;Li e aceito as Aviso legal Enviar: Respons\u00e1vel pelo tratamento de dados: QU\u00cdMICA MASUL &#8211; Objetivo: Gerir o seu pedido. &#8211; Legitima\u00e7\u00e3o: ao clicar no bot\u00e3o &#8220;Mandar&#8221; est\u00e1 a consentir que os dados sejam tratados de acordo com as &#8230;<\/p>\n","protected":false},"author":1,"featured_media":11224,"parent":0,"menu_order":0,"comment_status":"closed","ping_status":"closed","template":"","meta":{"footnotes":""},"class_list":["post-11223","page","type-page","status-publish","has-post-thumbnail","hentry"],"yoast_head":"<!-- This site is optimized with the Yoast SEO Premium plugin v15.7 - https:\/\/yoast.com\/wordpress\/plugins\/seo\/ -->\n<title>Contato - Qu\u00edmica Masul - Desinfectantes de Superficies<\/title>\n<meta name=\"description\" content=\"Contacte-nos e iremos fornecer-lhe as melhores solu\u00e7\u00f5es e produtos para a desinfec\u00e7\u00e3o de superf\u00edcies.\" \/>\n<meta name=\"robots\" content=\"index, follow, max-snippet:-1, max-image-preview:large, max-video-preview:-1\" \/>\n<link rel=\"canonical\" href=\"https:\/\/quimicamasul.es\/pt\/contato\/\" \/>\n<meta property=\"og:locale\" content=\"pt_PT\" \/>\n<meta property=\"og:type\" content=\"article\" \/>\n<meta property=\"og:title\" content=\"Contato - Qu\u00edmica Masul - Desinfectantes de Superficies\" \/>\n<meta property=\"og:description\" content=\"Contacte-nos e iremos fornecer-lhe as melhores solu\u00e7\u00f5es e produtos para a desinfec\u00e7\u00e3o de superf\u00edcies.\" \/>\n<meta property=\"og:url\" content=\"https:\/\/quimicamasul.es\/pt\/contato\/\" \/>\n<meta property=\"og:site_name\" content=\"Qu\u00edmica Masul - Desinfectantes de Superficies\" \/>\n<meta property=\"article:publisher\" content=\"https:\/\/www.facebook.com\/quimicamasul\/\" \/>\n<meta property=\"article:modified_time\" content=\"2024-03-07T14:01:00+00:00\" \/>\n<meta property=\"og:image\" content=\"https:\/\/quimicamasul.es\/wp-content\/uploads\/2021\/11\/quimica-masul-fabricante-detergentes-industriales.jpg\" \/>\n\t<meta property=\"og:image:width\" content=\"1200\" \/>\n\t<meta property=\"og:image:height\" content=\"628\" \/>\n<meta name=\"twitter:card\" content=\"summary_large_image\" \/>\n<meta name=\"twitter:description\" content=\"Contacte-nos e iremos fornecer-lhe as melhores solu\u00e7\u00f5es e produtos para a desinfec\u00e7\u00e3o de superf\u00edcies.\" \/>\n<meta name=\"twitter:site\" content=\"@masulquimica\" \/>\n<meta name=\"twitter:label1\" content=\"Est. reading time\">\n\t<meta name=\"twitter:data1\" content=\"1 minute\">\n<script type=\"application\/ld+json\" class=\"yoast-schema-graph\">{\"@context\":\"https:\/\/schema.org\",\"@graph\":[{\"@type\":\"Organization\",\"@id\":\"https:\/\/quimicamasul.es\/pt\/#organization\",\"name\":\"Qu\\u00edmica Masul\",\"url\":\"https:\/\/quimicamasul.es\/pt\/\",\"sameAs\":[\"https:\/\/www.facebook.com\/quimicamasul\/\",\"https:\/\/www.instagram.com\/quimicamasul\/\",\"https:\/\/es.linkedin.com\/company\/quimica-verde-masul-sll\",\"https:\/\/www.youtube.com\/channel\/UCp3GkH2DxXj47lawOhw-CLA\",\"https:\/\/twitter.com\/masulquimica\"],\"logo\":{\"@type\":\"ImageObject\",\"@id\":\"https:\/\/quimicamasul.es\/pt\/#logo\",\"inLanguage\":\"pt\",\"url\":\"https:\/\/quimicamasul.es\/wp-content\/uploads\/2013\/12\/logo-quimica-masul-webX2.png\",\"width\":682,\"height\":140,\"caption\":\"Qu\\u00edmica Masul\"},\"image\":{\"@id\":\"https:\/\/quimicamasul.es\/pt\/#logo\"}},{\"@type\":\"WebSite\",\"@id\":\"https:\/\/quimicamasul.es\/pt\/#website\",\"url\":\"https:\/\/quimicamasul.es\/pt\/\",\"name\":\"Qu\\u00edmica Masul - Desinfectantes de Superficies\",\"description\":\"Desinfectantes de superficies para diferentes sectores\",\"publisher\":{\"@id\":\"https:\/\/quimicamasul.es\/pt\/#organization\"},\"potentialAction\":[{\"@type\":\"SearchAction\",\"target\":\"https:\/\/quimicamasul.es\/pt\/?s={search_term_string}\",\"query-input\":\"required name=search_term_string\"}],\"inLanguage\":\"pt\"},{\"@type\":\"ImageObject\",\"@id\":\"https:\/\/quimicamasul.es\/pt\/contato\/#primaryimage\",\"inLanguage\":\"pt\",\"url\":\"https:\/\/quimicamasul.es\/wp-content\/uploads\/2021\/11\/quimica-masul-fabricante-detergentes-industriales.jpg\",\"width\":1200,\"height\":628},{\"@type\":\"WebPage\",\"@id\":\"https:\/\/quimicamasul.es\/pt\/contato\/#webpage\",\"url\":\"https:\/\/quimicamasul.es\/pt\/contato\/\",\"name\":\"Contato - Qu\\u00edmica Masul - Desinfectantes de Superficies\",\"isPartOf\":{\"@id\":\"https:\/\/quimicamasul.es\/pt\/#website\"},\"primaryImageOfPage\":{\"@id\":\"https:\/\/quimicamasul.es\/pt\/contato\/#primaryimage\"},\"datePublished\":\"2021-11-18T12:49:54+00:00\",\"dateModified\":\"2024-03-07T14:01:00+00:00\",\"description\":\"Contacte-nos e iremos fornecer-lhe as melhores solu\\u00e7\\u00f5es e produtos para a desinfec\\u00e7\\u00e3o de superf\\u00edcies.\",\"inLanguage\":\"pt\",\"potentialAction\":[{\"@type\":\"ReadAction\",\"target\":[\"https:\/\/quimicamasul.es\/pt\/contato\/\"]}]}]}<\/script>\n<!-- \/ Yoast SEO Premium plugin. -->","_links":{"self":[{"href":"https:\/\/quimicamasul.es\/pt\/wp-json\/wp\/v2\/pages\/11223","targetHints":{"allow":["GET"]}}],"collection":[{"href":"https:\/\/quimicamasul.es\/pt\/wp-json\/wp\/v2\/pages"}],"about":[{"href":"https:\/\/quimicamasul.es\/pt\/wp-json\/wp\/v2\/types\/page"}],"author":[{"embeddable":true,"href":"https:\/\/quimicamasul.es\/pt\/wp-json\/wp\/v2\/users\/1"}],"replies":[{"embeddable":true,"href":"https:\/\/quimicamasul.es\/pt\/wp-json\/wp\/v2\/comments?post=11223"}],"version-history":[{"count":0,"href":"https:\/\/quimicamasul.es\/pt\/wp-json\/wp\/v2\/pages\/11223\/revisions"}],"wp:featuredmedia":[{"embeddable":true,"href":"https:\/\/quimicamasul.es\/pt\/wp-json\/wp\/v2\/media\/11224"}],"wp:attachment":[{"href":"https:\/\/quimicamasul.es\/pt\/wp-json\/wp\/v2\/media?parent=11223"}],"curies":[{"name":"wp","href":"https:\/\/api.w.org\/{rel}","templated":true}]}}