{"id":11227,"date":"2021-11-18T12:25:05","date_gmt":"2021-11-18T12:25:05","guid":{"rendered":"https:\/\/www.quimicamasul.es\/hostelaria\/"},"modified":"2022-07-26T09:25:50","modified_gmt":"2022-07-26T09:25:50","slug":"hostelaria","status":"publish","type":"page","link":"https:\/\/quimicamasul.es\/pt\/setores-industriais\/hostelaria\/","title":{"rendered":"Hostelaria"},"content":{"rendered":"<p>[vc_row full_width=&#8221;stretch_row_content_no_spaces&#8221; el_class=&#8221;full-width-cz&#8221;][vc_column][vc_single_image image=&#8221;11068&#8243; img_size=&#8221;full&#8221;][\/vc_column][\/vc_row][vc_row el_class=&#8221;contenido-servicios&#8221;][vc_column][vc_row_inner][vc_column_inner][vc_custom_heading text=&#8221;Fabricante de detergentes para a ind\u00fastria da hostelaria&#8221; font_container=&#8221;tag:h1|font_size:38|text_align:center&#8221;][vc_empty_space][\/vc_column_inner][\/vc_row_inner][vc_row_inner][vc_column_inner][vc_column_text]No setor hoteleiro, \u00e9 necess\u00e1rio limpar, desinfetar, conservar e proteger as superf\u00edcies e materiais tratados. Deixe que o T\u00e9cnico em Qu\u00edmica da Masul o aconselhe na escolha dos produtos e equipamentos a serem utilizados.<\/p>\n<p>A <strong>import\u00e2ncia da limpeza no setor hoteleiro<\/strong> anda de m\u00e3os dadas com efici\u00eancia e rentabilidade, portanto na Qu\u00edmica Masul n\u00e3o \u00edamos deixar este setor para tr\u00e1s.<\/p>\n<p>Temos os produtos adequados para o <strong>cuidado e desinfec\u00e7\u00e3o de pisos, limpeza de ambientes, adapta\u00e7\u00e3o e tratamento de \u00e1gua<\/strong>. Poder\u00edamos assessor\u00e1-lo na instala\u00e7\u00e3o de nossos dispensadores para evitar acidentes no manuseio dos produtos e alcan\u00e7ar uma alta otimiza\u00e7\u00e3o nos resultados t\u00e9cnicos e econ\u00f4micos[\/vc_column_text][\/vc_column_inner][\/vc_row_inner][\/vc_column][\/vc_row][vc_row][vc_column width=&#8221;1\/4&#8243;][\/vc_column][vc_column width=&#8221;1\/4&#8243;][vc_btn title=&#8221;Quero mais informa\u00e7\u00f5es&#8221; style=&#8221;classic&#8221; shape=&#8221;square&#8221; color=&#8221;green&#8221; size=&#8221;lg&#8221; align=&#8221;center&#8221; button_block=&#8221;true&#8221; link=&#8221;url:https%3A%2F%2Fquimicamasul.es%2Fpt%2Fcontato%2F|title:Contato&#8221;][\/vc_column][vc_column width=&#8221;1\/4&#8243;][vc_btn title=&#8221;Outros setores de atividade&#8221; style=&#8221;classic&#8221; shape=&#8221;square&#8221; color=&#8221;green&#8221; size=&#8221;lg&#8221; align=&#8221;center&#8221; button_block=&#8221;true&#8221; link=&#8221;url:https%3A%2F%2Fquimicamasul.es%2Fpt%2Fsetores-industriais%2F|title:Setores%20Industriais&#8221;][\/vc_column][vc_column width=&#8221;1\/4&#8243;][\/vc_column][\/vc_row][vc_row][vc_column][vc_empty_space][\/vc_column][\/vc_row]<\/p>\n","protected":false},"excerpt":{"rendered":"<p>[vc_row full_width=&#8221;stretch_row_content_no_spaces&#8221; el_class=&#8221;full-width-cz&#8221;][vc_column][vc_single_image image=&#8221;11068&#8243; img_size=&#8221;full&#8221;][\/vc_column][\/vc_row][vc_row el_class=&#8221;contenido-servicios&#8221;][vc_column][vc_row_inner][vc_column_inner][vc_custom_heading text=&#8221;Fabricante de detergentes para a ind\u00fastria da hostelaria&#8221; font_container=&#8221;tag:h1|font_size:38|text_align:center&#8221;][vc_empty_space][\/vc_column_inner][\/vc_row_inner][vc_row_inner][vc_column_inner][vc_column_text]No setor hoteleiro, \u00e9 necess\u00e1rio limpar, desinfetar, conservar e proteger as superf\u00edcies e materiais tratados. Deixe que o T\u00e9cnico em Qu\u00edmica da Masul o aconselhe na escolha dos produtos e equipamentos a serem utilizados. A import\u00e2ncia da limpeza no setor hoteleiro &#8230;<\/p>\n","protected":false},"author":1,"featured_media":11228,"parent":11246,"menu_order":0,"comment_status":"closed","ping_status":"closed","template":"","meta":{"footnotes":""},"class_list":["post-11227","page","type-page","status-publish","has-post-thumbnail","hentry"],"yoast_head":"<!-- This site is optimized with the Yoast SEO Premium plugin v15.7 - https:\/\/yoast.com\/wordpress\/plugins\/seo\/ -->\n<title>Hostelaria - Qu\u00edmica Masul - Desinfectantes de Superficies<\/title>\n<meta name=\"description\" content=\"Temos os produtos adequados para o cuidado e desinfec\u00e7\u00e3o de superf\u00edcies e materiais tratados no sector da hotelaria.\" \/>\n<meta name=\"robots\" content=\"index, follow, max-snippet:-1, max-image-preview:large, max-video-preview:-1\" \/>\n<link rel=\"canonical\" href=\"https:\/\/quimicamasul.es\/pt\/setores-industriais\/hostelaria\/\" \/>\n<meta property=\"og:locale\" content=\"pt_PT\" \/>\n<meta property=\"og:type\" content=\"article\" \/>\n<meta property=\"og:title\" content=\"Hostelaria - Qu\u00edmica Masul - Desinfectantes de Superficies\" \/>\n<meta property=\"og:description\" content=\"Temos os produtos adequados para o cuidado e desinfec\u00e7\u00e3o de superf\u00edcies e materiais tratados no sector da hotelaria.\" \/>\n<meta property=\"og:url\" content=\"https:\/\/quimicamasul.es\/pt\/setores-industriais\/hostelaria\/\" \/>\n<meta property=\"og:site_name\" content=\"Qu\u00edmica Masul - Desinfectantes de Superficies\" \/>\n<meta property=\"article:publisher\" content=\"https:\/\/www.facebook.com\/quimicamasul\/\" \/>\n<meta property=\"article:modified_time\" content=\"2022-07-26T09:25:50+00:00\" \/>\n<meta property=\"og:image\" content=\"https:\/\/quimicamasul.es\/wp-content\/uploads\/2021\/11\/sectores-de-actuacion-hosteleria.jpg\" \/>\n\t<meta property=\"og:image:width\" content=\"1200\" \/>\n\t<meta property=\"og:image:height\" content=\"628\" \/>\n<meta name=\"twitter:card\" content=\"summary_large_image\" \/>\n<meta name=\"twitter:description\" content=\"Temos os produtos adequados para o cuidado e desinfec\u00e7\u00e3o de superf\u00edcies e materiais tratados no sector da hotelaria.\" \/>\n<meta name=\"twitter:site\" content=\"@masulquimica\" \/>\n<meta name=\"twitter:label1\" content=\"Est. reading time\">\n\t<meta name=\"twitter:data1\" content=\"1 minute\">\n<script type=\"application\/ld+json\" class=\"yoast-schema-graph\">{\"@context\":\"https:\/\/schema.org\",\"@graph\":[{\"@type\":\"Organization\",\"@id\":\"https:\/\/quimicamasul.es\/pt\/#organization\",\"name\":\"Qu\\u00edmica Masul\",\"url\":\"https:\/\/quimicamasul.es\/pt\/\",\"sameAs\":[\"https:\/\/www.facebook.com\/quimicamasul\/\",\"https:\/\/www.instagram.com\/quimicamasul\/\",\"https:\/\/es.linkedin.com\/company\/quimica-verde-masul-sll\",\"https:\/\/www.youtube.com\/channel\/UCp3GkH2DxXj47lawOhw-CLA\",\"https:\/\/twitter.com\/masulquimica\"],\"logo\":{\"@type\":\"ImageObject\",\"@id\":\"https:\/\/quimicamasul.es\/pt\/#logo\",\"inLanguage\":\"pt\",\"url\":\"https:\/\/quimicamasul.es\/wp-content\/uploads\/2013\/12\/logo-quimica-masul-webX2.png\",\"width\":682,\"height\":140,\"caption\":\"Qu\\u00edmica Masul\"},\"image\":{\"@id\":\"https:\/\/quimicamasul.es\/pt\/#logo\"}},{\"@type\":\"WebSite\",\"@id\":\"https:\/\/quimicamasul.es\/pt\/#website\",\"url\":\"https:\/\/quimicamasul.es\/pt\/\",\"name\":\"Qu\\u00edmica Masul - Desinfectantes de Superficies\",\"description\":\"Desinfectantes de superficies para diferentes sectores\",\"publisher\":{\"@id\":\"https:\/\/quimicamasul.es\/pt\/#organization\"},\"potentialAction\":[{\"@type\":\"SearchAction\",\"target\":\"https:\/\/quimicamasul.es\/pt\/?s={search_term_string}\",\"query-input\":\"required name=search_term_string\"}],\"inLanguage\":\"pt\"},{\"@type\":\"ImageObject\",\"@id\":\"https:\/\/quimicamasul.es\/pt\/setores-industriais\/hostelaria\/#primaryimage\",\"inLanguage\":\"pt\",\"url\":\"https:\/\/quimicamasul.es\/wp-content\/uploads\/2021\/11\/sectores-de-actuacion-hosteleria.jpg\",\"width\":1200,\"height\":628},{\"@type\":\"WebPage\",\"@id\":\"https:\/\/quimicamasul.es\/pt\/setores-industriais\/hostelaria\/#webpage\",\"url\":\"https:\/\/quimicamasul.es\/pt\/setores-industriais\/hostelaria\/\",\"name\":\"Hostelaria - Qu\\u00edmica Masul - Desinfectantes de Superficies\",\"isPartOf\":{\"@id\":\"https:\/\/quimicamasul.es\/pt\/#website\"},\"primaryImageOfPage\":{\"@id\":\"https:\/\/quimicamasul.es\/pt\/setores-industriais\/hostelaria\/#primaryimage\"},\"datePublished\":\"2021-11-18T12:25:05+00:00\",\"dateModified\":\"2022-07-26T09:25:50+00:00\",\"description\":\"Temos os produtos adequados para o cuidado e desinfec\\u00e7\\u00e3o de superf\\u00edcies e materiais tratados no sector da hotelaria.\",\"inLanguage\":\"pt\",\"potentialAction\":[{\"@type\":\"ReadAction\",\"target\":[\"https:\/\/quimicamasul.es\/pt\/setores-industriais\/hostelaria\/\"]}]}]}<\/script>\n<!-- \/ Yoast SEO Premium plugin. -->","_links":{"self":[{"href":"https:\/\/quimicamasul.es\/pt\/wp-json\/wp\/v2\/pages\/11227","targetHints":{"allow":["GET"]}}],"collection":[{"href":"https:\/\/quimicamasul.es\/pt\/wp-json\/wp\/v2\/pages"}],"about":[{"href":"https:\/\/quimicamasul.es\/pt\/wp-json\/wp\/v2\/types\/page"}],"author":[{"embeddable":true,"href":"https:\/\/quimicamasul.es\/pt\/wp-json\/wp\/v2\/users\/1"}],"replies":[{"embeddable":true,"href":"https:\/\/quimicamasul.es\/pt\/wp-json\/wp\/v2\/comments?post=11227"}],"version-history":[{"count":0,"href":"https:\/\/quimicamasul.es\/pt\/wp-json\/wp\/v2\/pages\/11227\/revisions"}],"up":[{"embeddable":true,"href":"https:\/\/quimicamasul.es\/pt\/wp-json\/wp\/v2\/pages\/11246"}],"wp:featuredmedia":[{"embeddable":true,"href":"https:\/\/quimicamasul.es\/pt\/wp-json\/wp\/v2\/media\/11228"}],"wp:attachment":[{"href":"https:\/\/quimicamasul.es\/pt\/wp-json\/wp\/v2\/media?parent=11227"}],"curies":[{"name":"wp","href":"https:\/\/api.w.org\/{rel}","templated":true}]}}