{"id":11238,"date":"2021-11-18T11:59:31","date_gmt":"2021-11-18T11:59:31","guid":{"rendered":"https:\/\/www.quimicamasul.es\/moinhos-de-oleo\/"},"modified":"2022-07-26T09:22:27","modified_gmt":"2022-07-26T09:22:27","slug":"lagares-de-azeite","status":"publish","type":"page","link":"https:\/\/quimicamasul.es\/pt\/setores-industriais\/lagares-de-azeite\/","title":{"rendered":"Lagares de azeite"},"content":{"rendered":"<p>[vc_row full_width=&#8221;stretch_row_content_no_spaces&#8221; el_class=&#8221;full-width-cz&#8221;][vc_column][vc_single_image image=&#8221;11060&#8243; img_size=&#8221;full&#8221;][\/vc_column][\/vc_row][vc_row el_class=&#8221;contenido-servicios&#8221;][vc_column][vc_row_inner][vc_column_inner][vc_custom_heading text=&#8221;Fabricante de detergentes para limpeza e desinfec\u00e7\u00e3o de ind\u00fastria de azeite&#8221; font_container=&#8221;tag:h1|font_size:38|text_align:center&#8221;][vc_empty_space][\/vc_column_inner][\/vc_row_inner][vc_row_inner][vc_column_inner][vc_column_text]A qualidade de um bom \u00f3leo em um lagar ou moinho de \u00f3leo passa por uma <strong>limpeza altamente profissional<\/strong>. Estabelecer protocolos de limpeza inteligentes, <strong>produtos adequados<\/strong> e um sistema de dosagem sob medida para suas necessidades \u00e9 a tarefa do T\u00e9cnico de Qu\u00edmica da Masul. Na Qu\u00edmica Masul cuidaremos da melhor forma\u00e7\u00e3o de pessoal para o seu setor.<\/p>\n<p>\u00c0 qualidade de nossos produtos para <strong>usinas de \u00f3leo<\/strong>, somamos nossa ocupa\u00e7\u00e3o em formar os melhores profissionais da ind\u00fastria do azeite. Resolver com efici\u00eancia os problemas na fabrica\u00e7\u00e3o de um bom \u00f3leo \u00e9 um valor agregado que tem impacto na eleva\u00e7\u00e3o do valor do seu \u00f3leo. Para isso, iremos aconselh\u00e1-lo sobre quais produtos usar para tornar rent\u00e1vel a limpeza precisa das diferentes <strong>m\u00e1quinas de sua instala\u00e7\u00e3o cara<\/strong>: a ordem na limpeza e desinfec\u00e7\u00e3o de suas instala\u00e7\u00f5es n\u00e3o nos impede de cuidar deles e aumentar o valor de suas instala\u00e7\u00f5es.<\/p>\n<p>Dentro do nosso cat\u00e1logo poder\u00e1 encontrar uma s\u00e9rie de produtos <strong>alcalinos<\/strong>, <strong>neutros<\/strong> ou <strong>\u00e1cidos<\/strong> que lhe dar\u00e3o o resultado que procura e aprovados pela ag\u00eancia de sa\u00fade[\/vc_column_text][\/vc_column_inner][\/vc_row_inner][\/vc_column][\/vc_row][vc_row][vc_column width=&#8221;1\/4&#8243;][\/vc_column][vc_column width=&#8221;1\/4&#8243;][vc_btn title=&#8221;Quero mais informa\u00e7\u00f5es&#8221; style=&#8221;classic&#8221; shape=&#8221;square&#8221; color=&#8221;green&#8221; size=&#8221;lg&#8221; align=&#8221;center&#8221; button_block=&#8221;true&#8221; link=&#8221;url:https%3A%2F%2Fquimicamasul.es%2Fpt%2Fcontato%2F|title:Contato&#8221;][\/vc_column][vc_column width=&#8221;1\/4&#8243;][vc_btn title=&#8221;Outros setores de atividade&#8221; style=&#8221;classic&#8221; shape=&#8221;square&#8221; color=&#8221;green&#8221; size=&#8221;lg&#8221; align=&#8221;center&#8221; button_block=&#8221;true&#8221; link=&#8221;url:https%3A%2F%2Fquimicamasul.es%2Fpt%2Fsetores-industriais%2F|title:Setores%20Industriais&#8221;][\/vc_column][vc_column width=&#8221;1\/4&#8243;][\/vc_column][\/vc_row][vc_row][vc_column][vc_empty_space][\/vc_column][\/vc_row]<\/p>\n","protected":false},"excerpt":{"rendered":"<p>[vc_row full_width=&#8221;stretch_row_content_no_spaces&#8221; el_class=&#8221;full-width-cz&#8221;][vc_column][vc_single_image image=&#8221;11060&#8243; img_size=&#8221;full&#8221;][\/vc_column][\/vc_row][vc_row el_class=&#8221;contenido-servicios&#8221;][vc_column][vc_row_inner][vc_column_inner][vc_custom_heading text=&#8221;Fabricante de detergentes para limpeza e desinfec\u00e7\u00e3o de ind\u00fastria de azeite&#8221; font_container=&#8221;tag:h1|font_size:38|text_align:center&#8221;][vc_empty_space][\/vc_column_inner][\/vc_row_inner][vc_row_inner][vc_column_inner][vc_column_text]A qualidade de um bom \u00f3leo em um lagar ou moinho de \u00f3leo passa por uma limpeza altamente profissional. Estabelecer protocolos de limpeza inteligentes, produtos adequados e um sistema de dosagem sob medida para suas necessidades \u00e9 a &#8230;<\/p>\n","protected":false},"author":1,"featured_media":11239,"parent":11246,"menu_order":0,"comment_status":"closed","ping_status":"closed","template":"","meta":{"footnotes":""},"class_list":["post-11238","page","type-page","status-publish","has-post-thumbnail","hentry"],"yoast_head":"<!-- This site is optimized with the Yoast SEO Premium plugin v15.7 - https:\/\/yoast.com\/wordpress\/plugins\/seo\/ -->\n<title>Lagares de azeite - Qu\u00edmica Masul - Desinfectantes de Superficies<\/title>\n<meta name=\"description\" content=\"Temos dispon\u00edveis produtos alcalinos, neutros ou \u00e1cidos para a limpeza da sua almanzara, o que lhe dar\u00e1 o resultado que procura.\" \/>\n<meta name=\"robots\" content=\"index, follow, max-snippet:-1, max-image-preview:large, max-video-preview:-1\" \/>\n<link rel=\"canonical\" href=\"https:\/\/quimicamasul.es\/pt\/setores-industriais\/lagares-de-azeite\/\" \/>\n<meta property=\"og:locale\" content=\"pt_PT\" \/>\n<meta property=\"og:type\" content=\"article\" \/>\n<meta property=\"og:title\" content=\"Lagares de azeite - Qu\u00edmica Masul - Desinfectantes de Superficies\" \/>\n<meta property=\"og:description\" content=\"Temos dispon\u00edveis produtos alcalinos, neutros ou \u00e1cidos para a limpeza da sua almanzara, o que lhe dar\u00e1 o resultado que procura.\" \/>\n<meta property=\"og:url\" content=\"https:\/\/quimicamasul.es\/pt\/setores-industriais\/lagares-de-azeite\/\" \/>\n<meta property=\"og:site_name\" content=\"Qu\u00edmica Masul - Desinfectantes de Superficies\" \/>\n<meta property=\"article:publisher\" content=\"https:\/\/www.facebook.com\/quimicamasul\/\" \/>\n<meta property=\"article:modified_time\" content=\"2022-07-26T09:22:27+00:00\" \/>\n<meta property=\"og:image\" content=\"https:\/\/quimicamasul.es\/wp-content\/uploads\/2021\/11\/sectores-actuacion-almazaras.jpg\" \/>\n\t<meta property=\"og:image:width\" content=\"1200\" \/>\n\t<meta property=\"og:image:height\" content=\"628\" \/>\n<meta name=\"twitter:card\" content=\"summary_large_image\" \/>\n<meta name=\"twitter:description\" content=\"Temos dispon\u00edveis produtos alcalinos, neutros ou \u00e1cidos para a limpeza da sua almanzara, o que lhe dar\u00e1 o resultado que procura.\" \/>\n<meta name=\"twitter:site\" content=\"@masulquimica\" \/>\n<meta name=\"twitter:label1\" content=\"Est. reading time\">\n\t<meta name=\"twitter:data1\" content=\"1 minute\">\n<script type=\"application\/ld+json\" class=\"yoast-schema-graph\">{\"@context\":\"https:\/\/schema.org\",\"@graph\":[{\"@type\":\"Organization\",\"@id\":\"https:\/\/quimicamasul.es\/pt\/#organization\",\"name\":\"Qu\\u00edmica Masul\",\"url\":\"https:\/\/quimicamasul.es\/pt\/\",\"sameAs\":[\"https:\/\/www.facebook.com\/quimicamasul\/\",\"https:\/\/www.instagram.com\/quimicamasul\/\",\"https:\/\/es.linkedin.com\/company\/quimica-verde-masul-sll\",\"https:\/\/www.youtube.com\/channel\/UCp3GkH2DxXj47lawOhw-CLA\",\"https:\/\/twitter.com\/masulquimica\"],\"logo\":{\"@type\":\"ImageObject\",\"@id\":\"https:\/\/quimicamasul.es\/pt\/#logo\",\"inLanguage\":\"pt\",\"url\":\"https:\/\/quimicamasul.es\/wp-content\/uploads\/2013\/12\/logo-quimica-masul-webX2.png\",\"width\":682,\"height\":140,\"caption\":\"Qu\\u00edmica Masul\"},\"image\":{\"@id\":\"https:\/\/quimicamasul.es\/pt\/#logo\"}},{\"@type\":\"WebSite\",\"@id\":\"https:\/\/quimicamasul.es\/pt\/#website\",\"url\":\"https:\/\/quimicamasul.es\/pt\/\",\"name\":\"Qu\\u00edmica Masul - Desinfectantes de Superficies\",\"description\":\"Desinfectantes de superficies para diferentes sectores\",\"publisher\":{\"@id\":\"https:\/\/quimicamasul.es\/pt\/#organization\"},\"potentialAction\":[{\"@type\":\"SearchAction\",\"target\":\"https:\/\/quimicamasul.es\/pt\/?s={search_term_string}\",\"query-input\":\"required name=search_term_string\"}],\"inLanguage\":\"pt\"},{\"@type\":\"ImageObject\",\"@id\":\"https:\/\/quimicamasul.es\/pt\/setores-industriais\/lagares-de-azeite\/#primaryimage\",\"inLanguage\":\"pt\",\"url\":\"https:\/\/quimicamasul.es\/wp-content\/uploads\/2021\/11\/sectores-actuacion-almazaras.jpg\",\"width\":1200,\"height\":628},{\"@type\":\"WebPage\",\"@id\":\"https:\/\/quimicamasul.es\/pt\/setores-industriais\/lagares-de-azeite\/#webpage\",\"url\":\"https:\/\/quimicamasul.es\/pt\/setores-industriais\/lagares-de-azeite\/\",\"name\":\"Lagares de azeite - Qu\\u00edmica Masul - Desinfectantes de Superficies\",\"isPartOf\":{\"@id\":\"https:\/\/quimicamasul.es\/pt\/#website\"},\"primaryImageOfPage\":{\"@id\":\"https:\/\/quimicamasul.es\/pt\/setores-industriais\/lagares-de-azeite\/#primaryimage\"},\"datePublished\":\"2021-11-18T11:59:31+00:00\",\"dateModified\":\"2022-07-26T09:22:27+00:00\",\"description\":\"Temos dispon\\u00edveis produtos alcalinos, neutros ou \\u00e1cidos para a limpeza da sua almanzara, o que lhe dar\\u00e1 o resultado que procura.\",\"inLanguage\":\"pt\",\"potentialAction\":[{\"@type\":\"ReadAction\",\"target\":[\"https:\/\/quimicamasul.es\/pt\/setores-industriais\/lagares-de-azeite\/\"]}]}]}<\/script>\n<!-- \/ Yoast SEO Premium plugin. -->","_links":{"self":[{"href":"https:\/\/quimicamasul.es\/pt\/wp-json\/wp\/v2\/pages\/11238","targetHints":{"allow":["GET"]}}],"collection":[{"href":"https:\/\/quimicamasul.es\/pt\/wp-json\/wp\/v2\/pages"}],"about":[{"href":"https:\/\/quimicamasul.es\/pt\/wp-json\/wp\/v2\/types\/page"}],"author":[{"embeddable":true,"href":"https:\/\/quimicamasul.es\/pt\/wp-json\/wp\/v2\/users\/1"}],"replies":[{"embeddable":true,"href":"https:\/\/quimicamasul.es\/pt\/wp-json\/wp\/v2\/comments?post=11238"}],"version-history":[{"count":0,"href":"https:\/\/quimicamasul.es\/pt\/wp-json\/wp\/v2\/pages\/11238\/revisions"}],"up":[{"embeddable":true,"href":"https:\/\/quimicamasul.es\/pt\/wp-json\/wp\/v2\/pages\/11246"}],"wp:featuredmedia":[{"embeddable":true,"href":"https:\/\/quimicamasul.es\/pt\/wp-json\/wp\/v2\/media\/11239"}],"wp:attachment":[{"href":"https:\/\/quimicamasul.es\/pt\/wp-json\/wp\/v2\/media?parent=11238"}],"curies":[{"name":"wp","href":"https:\/\/api.w.org\/{rel}","templated":true}]}}