{"id":11240,"date":"2021-11-18T11:51:31","date_gmt":"2021-11-18T11:51:31","guid":{"rendered":"https:\/\/www.quimicamasul.es\/temperos-e-picles\/"},"modified":"2022-07-26T09:19:47","modified_gmt":"2022-07-26T09:19:47","slug":"temperos-e-picles","status":"publish","type":"page","link":"https:\/\/quimicamasul.es\/pt\/setores-industriais\/temperos-e-picles\/","title":{"rendered":"Temperos e Picles"},"content":{"rendered":"<p>[vc_row full_width=&#8221;stretch_row_content_no_spaces&#8221; el_class=&#8221;full-width-cz&#8221;][vc_column][vc_single_image image=&#8221;11059&#8243; img_size=&#8221;full&#8221;][\/vc_column][\/vc_row][vc_row el_class=&#8221;contenido-servicios&#8221;][vc_column][vc_row_inner][vc_column_inner][vc_custom_heading text=&#8221;Fabricante de detergentes de alto desempenho para a ind\u00fastria de temperos e picles&#8221; font_container=&#8221;tag:h1|font_size:38|text_align:center&#8221;][vc_empty_space][\/vc_column_inner][\/vc_row_inner][vc_row_inner][vc_column_inner width=&#8221;2\/3&#8243;][vc_column_text]A qualidade organol\u00e9ptica de um bom tempero \u00e9 determinada pelo profissionalismo de um mestre e tamb\u00e9m pelo rigor dos operadores na <strong>limpeza dos fermentadores<\/strong> e demais equipamentos que operam em uma <strong>empresa de temperos<\/strong>. A Qu\u00edmica Masul colaborar\u00e1 na busca de um plano de <strong>limpeza e higiene adequado \u00e0s necessidades de cada empresa<\/strong>. Nossos t\u00e9cnicos podem assessor\u00e1-lo de forma personalizada para alcan\u00e7ar as solu\u00e7\u00f5es mais adequadas.<\/p>\n<p>No sector agro-alimentar atribu\u00edmos especial import\u00e2ncia \u00e0 limpeza das suas instala\u00e7\u00f5es: somos muito cuidadosos na<strong> limpeza e desinfec\u00e7\u00e3o<\/strong> das suas fermentadores (evitam o aparecimento de fios e bexigas), de suas instala\u00e7\u00f5es e tubula\u00e7\u00f5es que causam maus odores. Se gerenciarmos bem esses par\u00e2metros, melhoraremos o valor da <strong>qualidade do produto final<\/strong>.[\/vc_column_text][\/vc_column_inner][vc_column_inner width=&#8221;1\/3&#8243;][vc_single_image image=&#8221;11058&#8243; img_size=&#8221;full&#8221;][\/vc_column_inner][\/vc_row_inner][vc_row_inner][vc_column_inner][vc_column_text]No processo de tempero da olivicultura, \u00e9 necess\u00e1ria uma limpeza completa de suas instala\u00e7\u00f5es. A <strong>limpeza das suas instala\u00e7\u00f5es<\/strong> n\u00e3o deve ser uma tarefa tediosa, iremos ajud\u00e1-lo a limp\u00e1-las de forma r\u00e1pida e eficiente, procurando dar maior valor aos seus produtos, melhorando odores, sabores, cores e texturas.[\/vc_column_text][\/vc_column_inner][\/vc_row_inner][\/vc_column][\/vc_row][vc_row][vc_column width=&#8221;1\/4&#8243;][\/vc_column][vc_column width=&#8221;1\/4&#8243;][vc_btn title=&#8221;Quero mais informa\u00e7\u00f5es&#8221; style=&#8221;classic&#8221; shape=&#8221;square&#8221; color=&#8221;green&#8221; size=&#8221;lg&#8221; align=&#8221;center&#8221; button_block=&#8221;true&#8221; link=&#8221;url:https%3A%2F%2Fquimicamasul.es%2Fpt%2Fcontato%2F|title:Contato&#8221;][\/vc_column][vc_column width=&#8221;1\/4&#8243;][vc_btn title=&#8221;Outros setores de atividade&#8221; style=&#8221;classic&#8221; shape=&#8221;square&#8221; color=&#8221;green&#8221; size=&#8221;lg&#8221; align=&#8221;center&#8221; button_block=&#8221;true&#8221; link=&#8221;url:https%3A%2F%2Fquimicamasul.es%2Fpt%2Fsetores-industriais%2F|title:Setores%20Industriais&#8221;][\/vc_column][vc_column width=&#8221;1\/4&#8243;][\/vc_column][\/vc_row][vc_row][vc_column][vc_empty_space][\/vc_column][\/vc_row]<\/p>\n","protected":false},"excerpt":{"rendered":"<p>[vc_row full_width=&#8221;stretch_row_content_no_spaces&#8221; el_class=&#8221;full-width-cz&#8221;][vc_column][vc_single_image image=&#8221;11059&#8243; img_size=&#8221;full&#8221;][\/vc_column][\/vc_row][vc_row el_class=&#8221;contenido-servicios&#8221;][vc_column][vc_row_inner][vc_column_inner][vc_custom_heading text=&#8221;Fabricante de detergentes de alto desempenho para a ind\u00fastria de temperos e picles&#8221; font_container=&#8221;tag:h1|font_size:38|text_align:center&#8221;][vc_empty_space][\/vc_column_inner][\/vc_row_inner][vc_row_inner][vc_column_inner width=&#8221;2\/3&#8243;][vc_column_text]A qualidade organol\u00e9ptica de um bom tempero \u00e9 determinada pelo profissionalismo de um mestre e tamb\u00e9m pelo rigor dos operadores na limpeza dos fermentadores e demais equipamentos que operam em uma empresa de temperos. A &#8230;<\/p>\n","protected":false},"author":1,"featured_media":11241,"parent":11246,"menu_order":0,"comment_status":"closed","ping_status":"closed","template":"","meta":{"footnotes":""},"class_list":["post-11240","page","type-page","status-publish","has-post-thumbnail","hentry"],"yoast_head":"<!-- This site is optimized with the Yoast SEO Premium plugin v15.7 - https:\/\/yoast.com\/wordpress\/plugins\/seo\/ -->\n<title>Temperos e Picles - Qu\u00edmica Masul - Desinfectantes de Superficies<\/title>\n<meta name=\"description\" content=\"Solu\u00e7\u00f5es no sector agro-alimentar para a limpeza e desinfec\u00e7\u00e3o dos seus fermentadores, instala\u00e7\u00f5es e tubagens.\" \/>\n<meta name=\"robots\" content=\"index, follow, max-snippet:-1, max-image-preview:large, max-video-preview:-1\" \/>\n<link rel=\"canonical\" href=\"https:\/\/quimicamasul.es\/pt\/setores-industriais\/temperos-e-picles\/\" \/>\n<meta property=\"og:locale\" content=\"pt_PT\" \/>\n<meta property=\"og:type\" content=\"article\" \/>\n<meta property=\"og:title\" content=\"Temperos e Picles - Qu\u00edmica Masul - Desinfectantes de Superficies\" \/>\n<meta property=\"og:description\" content=\"Solu\u00e7\u00f5es no sector agro-alimentar para a limpeza e desinfec\u00e7\u00e3o dos seus fermentadores, instala\u00e7\u00f5es e tubagens.\" \/>\n<meta property=\"og:url\" content=\"https:\/\/quimicamasul.es\/pt\/setores-industriais\/temperos-e-picles\/\" \/>\n<meta property=\"og:site_name\" content=\"Qu\u00edmica Masul - Desinfectantes de Superficies\" \/>\n<meta property=\"article:publisher\" content=\"https:\/\/www.facebook.com\/quimicamasul\/\" \/>\n<meta property=\"article:modified_time\" content=\"2022-07-26T09:19:47+00:00\" \/>\n<meta property=\"og:image\" content=\"https:\/\/quimicamasul.es\/wp-content\/uploads\/2021\/11\/sectores-actuacion-aderezo-y-encurtidos.jpg\" \/>\n\t<meta property=\"og:image:width\" content=\"1200\" \/>\n\t<meta property=\"og:image:height\" content=\"628\" \/>\n<meta name=\"twitter:card\" content=\"summary_large_image\" \/>\n<meta name=\"twitter:description\" content=\"Solu\u00e7\u00f5es no sector agro-alimentar para a limpeza e desinfec\u00e7\u00e3o dos seus fermentadores, instala\u00e7\u00f5es e tubagens.\" \/>\n<meta name=\"twitter:site\" content=\"@masulquimica\" \/>\n<meta name=\"twitter:label1\" content=\"Est. reading time\">\n\t<meta name=\"twitter:data1\" content=\"1 minute\">\n<script type=\"application\/ld+json\" class=\"yoast-schema-graph\">{\"@context\":\"https:\/\/schema.org\",\"@graph\":[{\"@type\":\"Organization\",\"@id\":\"https:\/\/quimicamasul.es\/pt\/#organization\",\"name\":\"Qu\\u00edmica Masul\",\"url\":\"https:\/\/quimicamasul.es\/pt\/\",\"sameAs\":[\"https:\/\/www.facebook.com\/quimicamasul\/\",\"https:\/\/www.instagram.com\/quimicamasul\/\",\"https:\/\/es.linkedin.com\/company\/quimica-verde-masul-sll\",\"https:\/\/www.youtube.com\/channel\/UCp3GkH2DxXj47lawOhw-CLA\",\"https:\/\/twitter.com\/masulquimica\"],\"logo\":{\"@type\":\"ImageObject\",\"@id\":\"https:\/\/quimicamasul.es\/pt\/#logo\",\"inLanguage\":\"pt\",\"url\":\"https:\/\/quimicamasul.es\/wp-content\/uploads\/2013\/12\/logo-quimica-masul-webX2.png\",\"width\":682,\"height\":140,\"caption\":\"Qu\\u00edmica Masul\"},\"image\":{\"@id\":\"https:\/\/quimicamasul.es\/pt\/#logo\"}},{\"@type\":\"WebSite\",\"@id\":\"https:\/\/quimicamasul.es\/pt\/#website\",\"url\":\"https:\/\/quimicamasul.es\/pt\/\",\"name\":\"Qu\\u00edmica Masul - Desinfectantes de Superficies\",\"description\":\"Desinfectantes de superficies para diferentes sectores\",\"publisher\":{\"@id\":\"https:\/\/quimicamasul.es\/pt\/#organization\"},\"potentialAction\":[{\"@type\":\"SearchAction\",\"target\":\"https:\/\/quimicamasul.es\/pt\/?s={search_term_string}\",\"query-input\":\"required name=search_term_string\"}],\"inLanguage\":\"pt\"},{\"@type\":\"ImageObject\",\"@id\":\"https:\/\/quimicamasul.es\/pt\/setores-industriais\/temperos-e-picles\/#primaryimage\",\"inLanguage\":\"pt\",\"url\":\"https:\/\/quimicamasul.es\/wp-content\/uploads\/2021\/11\/sectores-actuacion-aderezo-y-encurtidos.jpg\",\"width\":1200,\"height\":628},{\"@type\":\"WebPage\",\"@id\":\"https:\/\/quimicamasul.es\/pt\/setores-industriais\/temperos-e-picles\/#webpage\",\"url\":\"https:\/\/quimicamasul.es\/pt\/setores-industriais\/temperos-e-picles\/\",\"name\":\"Temperos e Picles - Qu\\u00edmica Masul - Desinfectantes de Superficies\",\"isPartOf\":{\"@id\":\"https:\/\/quimicamasul.es\/pt\/#website\"},\"primaryImageOfPage\":{\"@id\":\"https:\/\/quimicamasul.es\/pt\/setores-industriais\/temperos-e-picles\/#primaryimage\"},\"datePublished\":\"2021-11-18T11:51:31+00:00\",\"dateModified\":\"2022-07-26T09:19:47+00:00\",\"description\":\"Solu\\u00e7\\u00f5es no sector agro-alimentar para a limpeza e desinfec\\u00e7\\u00e3o dos seus fermentadores, instala\\u00e7\\u00f5es e tubagens.\",\"inLanguage\":\"pt\",\"potentialAction\":[{\"@type\":\"ReadAction\",\"target\":[\"https:\/\/quimicamasul.es\/pt\/setores-industriais\/temperos-e-picles\/\"]}]}]}<\/script>\n<!-- \/ Yoast SEO Premium plugin. -->","_links":{"self":[{"href":"https:\/\/quimicamasul.es\/pt\/wp-json\/wp\/v2\/pages\/11240","targetHints":{"allow":["GET"]}}],"collection":[{"href":"https:\/\/quimicamasul.es\/pt\/wp-json\/wp\/v2\/pages"}],"about":[{"href":"https:\/\/quimicamasul.es\/pt\/wp-json\/wp\/v2\/types\/page"}],"author":[{"embeddable":true,"href":"https:\/\/quimicamasul.es\/pt\/wp-json\/wp\/v2\/users\/1"}],"replies":[{"embeddable":true,"href":"https:\/\/quimicamasul.es\/pt\/wp-json\/wp\/v2\/comments?post=11240"}],"version-history":[{"count":0,"href":"https:\/\/quimicamasul.es\/pt\/wp-json\/wp\/v2\/pages\/11240\/revisions"}],"up":[{"embeddable":true,"href":"https:\/\/quimicamasul.es\/pt\/wp-json\/wp\/v2\/pages\/11246"}],"wp:featuredmedia":[{"embeddable":true,"href":"https:\/\/quimicamasul.es\/pt\/wp-json\/wp\/v2\/media\/11241"}],"wp:attachment":[{"href":"https:\/\/quimicamasul.es\/pt\/wp-json\/wp\/v2\/media?parent=11240"}],"curies":[{"name":"wp","href":"https:\/\/api.w.org\/{rel}","templated":true}]}}