{"id":11242,"date":"2021-11-18T11:45:37","date_gmt":"2021-11-18T11:45:37","guid":{"rendered":"https:\/\/www.quimicamasul.es\/lavanderia\/"},"modified":"2022-07-26T09:21:35","modified_gmt":"2022-07-26T09:21:35","slug":"lavanderia","status":"publish","type":"page","link":"https:\/\/quimicamasul.es\/pt\/setores-industriais\/lavanderia\/","title":{"rendered":"Lavanderia"},"content":{"rendered":"<p>[vc_row full_width=&#8221;stretch_row_content_no_spaces&#8221; el_class=&#8221;full-width-cz&#8221;][vc_column][vc_single_image image=&#8221;11056&#8243; img_size=&#8221;full&#8221;][\/vc_column][\/vc_row][vc_row el_class=&#8221;contenido-servicios&#8221;][vc_column][vc_row_inner][vc_column_inner][vc_custom_heading text=&#8221;Fabricante de detergentes para lavanderias industriais&#8221; font_container=&#8221;tag:h1|font_size:38|text_align:center&#8221;][vc_empty_space][\/vc_column_inner][\/vc_row_inner][vc_row_inner][vc_column_inner width=&#8221;1\/2&#8243;][vc_column_text]O valor dos tecidos que lava o setor de lavanderia tem par\u00e2metros ilimitados. Por isso, o profissional de lavanderia busca apoio em uma empresa que otimiza processos com \u00f3tima rentabilidade. Para isso, a Qu\u00edmica Masul conta com o profissionalismo de seus t\u00e9cnicos e os mais vanguardistas equipamentos de lavanderia.<\/p>\n<p><strong>Lavar, cuidar e higienizar tecidos<\/strong> \u00e9 uma tarefa complicada. Por isso, na Qu\u00edmica Masul queremos facilitar este processo com produtos que alcancem a <strong>m\u00e1xima efici\u00eancia de forma r\u00e1pida<\/strong>, <strong>simples e econ\u00f4mica<\/strong>, com <strong>m\u00e1xima performance de lavagem<\/strong>. Podemos oferecer-lhe uma vasta gama de dispensadores de detergente l\u00edquido, o que tornaria a tarefa de um funcion\u00e1rio muito profissional \u00e0s necessidades da sua ind\u00fastria.[\/vc_column_text][\/vc_column_inner][vc_column_inner width=&#8221;1\/2&#8243;][vc_single_image image=&#8221;11057&#8243; img_size=&#8221;full&#8221;][\/vc_column_inner][\/vc_row_inner][\/vc_column][\/vc_row][vc_row][vc_column width=&#8221;1\/4&#8243;][\/vc_column][vc_column width=&#8221;1\/4&#8243;][vc_btn title=&#8221;Quero mais informa\u00e7\u00f5es&#8221; style=&#8221;classic&#8221; shape=&#8221;square&#8221; color=&#8221;green&#8221; size=&#8221;lg&#8221; align=&#8221;center&#8221; button_block=&#8221;true&#8221; link=&#8221;url:https%3A%2F%2Fquimicamasul.es%2Fpt%2Fcontato%2F|title:Contato&#8221;][\/vc_column][vc_column width=&#8221;1\/4&#8243;][vc_btn title=&#8221;Outros setores de atividade&#8221; style=&#8221;classic&#8221; shape=&#8221;square&#8221; color=&#8221;green&#8221; size=&#8221;lg&#8221; align=&#8221;center&#8221; button_block=&#8221;true&#8221; link=&#8221;url:https%3A%2F%2Fquimicamasul.es%2Fpt%2Fsetores-industriais%2F|title:Setores%20Industriais&#8221;][\/vc_column][vc_column width=&#8221;1\/4&#8243;][\/vc_column][\/vc_row][vc_row][vc_column][vc_empty_space][\/vc_column][\/vc_row]<\/p>\n","protected":false},"excerpt":{"rendered":"<p>[vc_row full_width=&#8221;stretch_row_content_no_spaces&#8221; el_class=&#8221;full-width-cz&#8221;][vc_column][vc_single_image image=&#8221;11056&#8243; img_size=&#8221;full&#8221;][\/vc_column][\/vc_row][vc_row el_class=&#8221;contenido-servicios&#8221;][vc_column][vc_row_inner][vc_column_inner][vc_custom_heading text=&#8221;Fabricante de detergentes para lavanderias industriais&#8221; font_container=&#8221;tag:h1|font_size:38|text_align:center&#8221;][vc_empty_space][\/vc_column_inner][\/vc_row_inner][vc_row_inner][vc_column_inner width=&#8221;1\/2&#8243;][vc_column_text]O valor dos tecidos que lava o setor de lavanderia tem par\u00e2metros ilimitados. Por isso, o profissional de lavanderia busca apoio em uma empresa que otimiza processos com \u00f3tima rentabilidade. Para isso, a Qu\u00edmica Masul conta com o profissionalismo de seus t\u00e9cnicos &#8230;<\/p>\n","protected":false},"author":1,"featured_media":11243,"parent":11246,"menu_order":0,"comment_status":"closed","ping_status":"closed","template":"","meta":{"footnotes":""},"class_list":["post-11242","page","type-page","status-publish","has-post-thumbnail","hentry"],"yoast_head":"<!-- This site is optimized with the Yoast SEO Premium plugin v15.7 - https:\/\/yoast.com\/wordpress\/plugins\/seo\/ -->\n<title>Lavanderia - Qu\u00edmica Masul - Desinfectantes de Superficies<\/title>\n<meta name=\"description\" content=\"Fornecemos-lhe produtos que alcan\u00e7am um grande rendimento de lavagem de uma forma r\u00e1pida, simples e barata.\" \/>\n<meta name=\"robots\" content=\"index, follow, max-snippet:-1, max-image-preview:large, max-video-preview:-1\" \/>\n<link rel=\"canonical\" href=\"https:\/\/quimicamasul.es\/pt\/setores-industriais\/lavanderia\/\" \/>\n<meta property=\"og:locale\" content=\"pt_PT\" \/>\n<meta property=\"og:type\" content=\"article\" \/>\n<meta property=\"og:title\" content=\"Lavanderia - Qu\u00edmica Masul - Desinfectantes de Superficies\" \/>\n<meta property=\"og:description\" content=\"Fornecemos-lhe produtos que alcan\u00e7am um grande rendimento de lavagem de uma forma r\u00e1pida, simples e barata.\" \/>\n<meta property=\"og:url\" content=\"https:\/\/quimicamasul.es\/pt\/setores-industriais\/lavanderia\/\" \/>\n<meta property=\"og:site_name\" content=\"Qu\u00edmica Masul - Desinfectantes de Superficies\" \/>\n<meta property=\"article:publisher\" content=\"https:\/\/www.facebook.com\/quimicamasul\/\" \/>\n<meta property=\"article:modified_time\" content=\"2022-07-26T09:21:35+00:00\" \/>\n<meta property=\"og:image\" content=\"https:\/\/quimicamasul.es\/wp-content\/uploads\/2021\/11\/sectores-de-actuacion-lavanderia.jpg\" \/>\n\t<meta property=\"og:image:width\" content=\"1200\" \/>\n\t<meta property=\"og:image:height\" content=\"628\" \/>\n<meta name=\"twitter:card\" content=\"summary_large_image\" \/>\n<meta name=\"twitter:description\" content=\"Fornecemos-lhe produtos que alcan\u00e7am um grande rendimento de lavagem de uma forma r\u00e1pida, simples e barata.\" \/>\n<meta name=\"twitter:site\" content=\"@masulquimica\" \/>\n<meta name=\"twitter:label1\" content=\"Est. reading time\">\n\t<meta name=\"twitter:data1\" content=\"1 minute\">\n<script type=\"application\/ld+json\" class=\"yoast-schema-graph\">{\"@context\":\"https:\/\/schema.org\",\"@graph\":[{\"@type\":\"Organization\",\"@id\":\"https:\/\/quimicamasul.es\/pt\/#organization\",\"name\":\"Qu\\u00edmica Masul\",\"url\":\"https:\/\/quimicamasul.es\/pt\/\",\"sameAs\":[\"https:\/\/www.facebook.com\/quimicamasul\/\",\"https:\/\/www.instagram.com\/quimicamasul\/\",\"https:\/\/es.linkedin.com\/company\/quimica-verde-masul-sll\",\"https:\/\/www.youtube.com\/channel\/UCp3GkH2DxXj47lawOhw-CLA\",\"https:\/\/twitter.com\/masulquimica\"],\"logo\":{\"@type\":\"ImageObject\",\"@id\":\"https:\/\/quimicamasul.es\/pt\/#logo\",\"inLanguage\":\"pt\",\"url\":\"https:\/\/quimicamasul.es\/wp-content\/uploads\/2013\/12\/logo-quimica-masul-webX2.png\",\"width\":682,\"height\":140,\"caption\":\"Qu\\u00edmica Masul\"},\"image\":{\"@id\":\"https:\/\/quimicamasul.es\/pt\/#logo\"}},{\"@type\":\"WebSite\",\"@id\":\"https:\/\/quimicamasul.es\/pt\/#website\",\"url\":\"https:\/\/quimicamasul.es\/pt\/\",\"name\":\"Qu\\u00edmica Masul - Desinfectantes de Superficies\",\"description\":\"Desinfectantes de superficies para diferentes sectores\",\"publisher\":{\"@id\":\"https:\/\/quimicamasul.es\/pt\/#organization\"},\"potentialAction\":[{\"@type\":\"SearchAction\",\"target\":\"https:\/\/quimicamasul.es\/pt\/?s={search_term_string}\",\"query-input\":\"required name=search_term_string\"}],\"inLanguage\":\"pt\"},{\"@type\":\"ImageObject\",\"@id\":\"https:\/\/quimicamasul.es\/pt\/setores-industriais\/lavanderia\/#primaryimage\",\"inLanguage\":\"pt\",\"url\":\"https:\/\/quimicamasul.es\/wp-content\/uploads\/2021\/11\/sectores-de-actuacion-lavanderia.jpg\",\"width\":1200,\"height\":628},{\"@type\":\"WebPage\",\"@id\":\"https:\/\/quimicamasul.es\/pt\/setores-industriais\/lavanderia\/#webpage\",\"url\":\"https:\/\/quimicamasul.es\/pt\/setores-industriais\/lavanderia\/\",\"name\":\"Lavanderia - Qu\\u00edmica Masul - Desinfectantes de Superficies\",\"isPartOf\":{\"@id\":\"https:\/\/quimicamasul.es\/pt\/#website\"},\"primaryImageOfPage\":{\"@id\":\"https:\/\/quimicamasul.es\/pt\/setores-industriais\/lavanderia\/#primaryimage\"},\"datePublished\":\"2021-11-18T11:45:37+00:00\",\"dateModified\":\"2022-07-26T09:21:35+00:00\",\"description\":\"Fornecemos-lhe produtos que alcan\\u00e7am um grande rendimento de lavagem de uma forma r\\u00e1pida, simples e barata.\",\"inLanguage\":\"pt\",\"potentialAction\":[{\"@type\":\"ReadAction\",\"target\":[\"https:\/\/quimicamasul.es\/pt\/setores-industriais\/lavanderia\/\"]}]}]}<\/script>\n<!-- \/ Yoast SEO Premium plugin. -->","_links":{"self":[{"href":"https:\/\/quimicamasul.es\/pt\/wp-json\/wp\/v2\/pages\/11242","targetHints":{"allow":["GET"]}}],"collection":[{"href":"https:\/\/quimicamasul.es\/pt\/wp-json\/wp\/v2\/pages"}],"about":[{"href":"https:\/\/quimicamasul.es\/pt\/wp-json\/wp\/v2\/types\/page"}],"author":[{"embeddable":true,"href":"https:\/\/quimicamasul.es\/pt\/wp-json\/wp\/v2\/users\/1"}],"replies":[{"embeddable":true,"href":"https:\/\/quimicamasul.es\/pt\/wp-json\/wp\/v2\/comments?post=11242"}],"version-history":[{"count":0,"href":"https:\/\/quimicamasul.es\/pt\/wp-json\/wp\/v2\/pages\/11242\/revisions"}],"up":[{"embeddable":true,"href":"https:\/\/quimicamasul.es\/pt\/wp-json\/wp\/v2\/pages\/11246"}],"wp:featuredmedia":[{"embeddable":true,"href":"https:\/\/quimicamasul.es\/pt\/wp-json\/wp\/v2\/media\/11243"}],"wp:attachment":[{"href":"https:\/\/quimicamasul.es\/pt\/wp-json\/wp\/v2\/media?parent=11242"}],"curies":[{"name":"wp","href":"https:\/\/api.w.org\/{rel}","templated":true}]}}