{"id":11246,"date":"2021-11-18T11:23:03","date_gmt":"2021-11-18T11:23:03","guid":{"rendered":"https:\/\/www.quimicamasul.es\/sectores-industriales\/"},"modified":"2022-07-26T09:29:40","modified_gmt":"2022-07-26T09:29:40","slug":"setores-industriais","status":"publish","type":"page","link":"https:\/\/quimicamasul.es\/pt\/setores-industriais\/","title":{"rendered":"Setores Industriais"},"content":{"rendered":"<p>[vc_row][vc_column][vc_custom_heading text=&#8221;F\u00e1brica de detergentes para limpeza e higiene industrial&#8221; font_container=&#8221;tag:h1|font_size:45|text_align:center&#8221; use_theme_fonts=&#8221;yes&#8221;][vc_custom_heading text=&#8221;Oferecemos solu\u00e7\u00f5es qu\u00edmicas espec\u00edficas para todos os tipos de setores industriais&#8221; font_container=&#8221;tag:h4|font_size:45|text_align:center&#8221; use_theme_fonts=&#8221;yes&#8221;][\/vc_column][\/vc_row][vc_row][vc_column][vc_empty_space][\/vc_column][\/vc_row][vc_row gap=&#8221;30&#8243; el_class=&#8221;sectores-actuacion&#8221;][vc_column width=&#8221;1\/3&#8243;][vc_single_image image=&#8221;11420&#8243; img_size=&#8221;medium&#8221; alignment=&#8221;center&#8221; css=&#8221;.vc_custom_1633427593906{margin-bottom: 10px !important;}&#8221;][vc_custom_heading text=&#8221;AUTOMOTIVO&#8221; font_container=&#8221;tag:h3|font_size:28|text_align:center&#8221; use_theme_fonts=&#8221;yes&#8221;][vc_column_text css=&#8221;.vc_custom_1637234029017{margin-bottom: 10px !important;}&#8221;]<\/p>\n<p style=\"text-align: center;\">A Qu\u00edmica Masul possui uma <strong>ampla gama de solu\u00e7\u00f5es para o tratamento e cuidado de &#8230;<\/strong><\/p>\n<p>[\/vc_column_text][vc_btn title=&#8221;Leia Mais&#8221; shape=&#8221;square&#8221; color=&#8221;green&#8221; size=&#8221;lg&#8221; align=&#8221;center&#8221; link=&#8221;url:https%3A%2F%2Fquimicamasul.es%2Fpt%2Fsetores-industriais%2Fautomotivo%2F|title:Leia%20mais&#8221;][\/vc_column][vc_column width=&#8221;1\/3&#8243;][vc_single_image image=&#8221;11046&#8243; img_size=&#8221;medium&#8221; alignment=&#8221;center&#8221; css=&#8221;.vc_custom_1615205935091{margin-bottom: 10px !important;}&#8221;][vc_custom_heading text=&#8221;LAVANDERIAS&#8221; font_container=&#8221;tag:h3|font_size:28|text_align:center&#8221; use_theme_fonts=&#8221;yes&#8221;][vc_column_text css=&#8221;.vc_custom_1637234112160{margin-bottom: 10px !important;}&#8221;]<\/p>\n<p style=\"text-align: center;\"><strong>M\u00e1xima efici\u00eancia de forma r\u00e1pida, simples e econ\u00f4mica<\/strong>, com <strong>m\u00e1ximo desempenho &#8230;<\/strong><\/p>\n<p>[\/vc_column_text][vc_btn title=&#8221;Leia Mais&#8221; shape=&#8221;square&#8221; color=&#8221;green&#8221; size=&#8221;lg&#8221; align=&#8221;center&#8221; link=&#8221;url:https%3A%2F%2Fquimicamasul.es%2Fpt%2Fsetores-industriais%2Flavanderia%2F|title:Leia%20Mais&#8221;][\/vc_column][vc_column width=&#8221;1\/3&#8243;][vc_single_image image=&#8221;11047&#8243; img_size=&#8221;medium&#8221; alignment=&#8221;center&#8221; css=&#8221;.vc_custom_1615206137275{margin-bottom: 10px !important;}&#8221;][vc_custom_heading text=&#8221;TEMPEROS E PICLES&#8221; font_container=&#8221;tag:h3|font_size:28|text_align:center&#8221; use_theme_fonts=&#8221;yes&#8221;][vc_column_text css=&#8221;.vc_custom_1637234163767{margin-bottom: 10px !important;}&#8221;]<\/p>\n<p style=\"text-align: center;\">A Qu\u00edmica Masul colaborar\u00e1 na busca de um <strong>plano de limpeza e higiene adaptado &#8230;<\/strong><\/p>\n<p>[\/vc_column_text][vc_btn title=&#8221;Leia Mais&#8221; shape=&#8221;square&#8221; color=&#8221;green&#8221; size=&#8221;lg&#8221; align=&#8221;center&#8221; link=&#8221;url:https%3A%2F%2Fquimicamasul.es%2Fpt%2Fsetores-industriais%2Ftemperos-e-picles%2F|title:Leia%20Mais&#8221;][\/vc_column][\/vc_row][vc_row gap=&#8221;30&#8243; el_class=&#8221;sectores-actuacion&#8221;][vc_column width=&#8221;1\/3&#8243;][vc_single_image image=&#8221;11048&#8243; img_size=&#8221;medium&#8221; alignment=&#8221;center&#8221; css=&#8221;.vc_custom_1615206255267{margin-bottom: 10px !important;}&#8221;][vc_custom_heading text=&#8221;LAGARES DE AZEITE&#8221; font_container=&#8221;tag:h3|font_size:28|text_align:center&#8221; use_theme_fonts=&#8221;yes&#8221;][vc_column_text css=&#8221;.vc_custom_1637234227056{margin-bottom: 10px !important;}&#8221;]<\/p>\n<p style=\"text-align: center;\"><strong>A Qu\u00edmica Masul<\/strong> desenvolveu <strong>solu\u00e7\u00f5es espec\u00edficas<\/strong> para este setor aliment\u00edcio.<br \/>\nTem&#8230;<\/p>\n<p>[\/vc_column_text][vc_btn title=&#8221;Leia Mais&#8221; shape=&#8221;square&#8221; color=&#8221;green&#8221; size=&#8221;lg&#8221; align=&#8221;center&#8221; link=&#8221;url:%2Fpt%2Fsetores-industriais%2Flagares-de-azeite%2F|title:Leia%20Mais&#8221;][\/vc_column][vc_column width=&#8221;1\/3&#8243;][vc_single_image image=&#8221;11049&#8243; img_size=&#8221;medium&#8221; alignment=&#8221;center&#8221; css=&#8221;.vc_custom_1620987260291{margin-bottom: 10px !important;}&#8221;][vc_custom_heading text=&#8221;INDUSTRIA DE CARNES&#8221; font_container=&#8221;tag:h3|font_size:28|text_align:center&#8221; use_theme_fonts=&#8221;yes&#8221;][vc_column_text css=&#8221;.vc_custom_1637234290520{margin-bottom: 10px !important;}&#8221;]<\/p>\n<p style=\"text-align: center;\">Os processos de <strong>limpeza e desinfec\u00e7\u00e3o na ind\u00fastria da carne<\/strong> devem evitar &#8230;<\/p>\n<p>[\/vc_column_text][vc_btn title=&#8221;Leia Mais&#8221; shape=&#8221;square&#8221; color=&#8221;green&#8221; size=&#8221;lg&#8221; align=&#8221;center&#8221; link=&#8221;url:https%3A%2F%2Fquimicamasul.es%2Fpt%2Fsetores-industriais%2Findustrias-de-carnes%2F|title:Leia%20mas&#8221;][\/vc_column][vc_column width=&#8221;1\/3&#8243;][vc_single_image image=&#8221;11050&#8243; img_size=&#8221;medium&#8221; alignment=&#8221;center&#8221; css=&#8221;.vc_custom_1615206919085{margin-bottom: 10px !important;}&#8221;][vc_custom_heading text=&#8221;INDUSTRIA CERVEJEIRA&#8221; font_container=&#8221;tag:h3|font_size:28|text_align:center&#8221; use_theme_fonts=&#8221;yes&#8221;][vc_column_text css=&#8221;.vc_custom_1637234393760{margin-bottom: 10px !important;}&#8221;]<\/p>\n<p style=\"text-align: center;\">O profissionalismo dos nossos t\u00e9cnicos ir\u00e1 mostrar-lhe qual \u00e9 o <strong>sistema de limpeza mais adequado &#8230;<\/strong><\/p>\n<p>[\/vc_column_text][vc_btn title=&#8221;Leia Mais&#8221; shape=&#8221;square&#8221; color=&#8221;green&#8221; size=&#8221;lg&#8221; align=&#8221;center&#8221; link=&#8221;url:https%3A%2F%2Fquimicamasul.es%2Fpt%2Fsetores-industriais%2Fcervejarias%2F|title:Leia%20Mais&#8221;][\/vc_column][\/vc_row][vc_row gap=&#8221;30&#8243; el_class=&#8221;sectores-actuacion&#8221;][vc_column width=&#8221;1\/3&#8243;][vc_single_image image=&#8221;11099&#8243; img_size=&#8221;medium&#8221; alignment=&#8221;center&#8221; css=&#8221;.vc_custom_1633427602766{margin-bottom: 10px !important;}&#8221;][vc_custom_heading text=&#8221;IND\u00daSTRIA DE LACTICINIOS&#8221; font_container=&#8221;tag:h3|font_size:28|text_align:center&#8221; use_theme_fonts=&#8221;yes&#8221;][vc_column_text css=&#8221;.vc_custom_1637234487877{margin-bottom: 10px !important;}&#8221;]<\/p>\n<p style=\"text-align: center;\">A Qu\u00edmica Masul, possui uma <strong>ampla gama de solu\u00e7\u00f5es para o processamento de latic\u00ednios<\/strong> &#8230;<\/p>\n<p>[\/vc_column_text][vc_btn title=&#8221;Leia Mais&#8221; shape=&#8221;square&#8221; color=&#8221;green&#8221; size=&#8221;lg&#8221; align=&#8221;center&#8221; link=&#8221;url:https%3A%2F%2Fquimicamasul.es%2Fpt%2Fsetores-industriais%2Flacticineos%2F|title:Leia%20Mais&#8221;][\/vc_column][vc_column width=&#8221;1\/3&#8243;][vc_single_image image=&#8221;11051&#8243; img_size=&#8221;medium&#8221; alignment=&#8221;center&#8221; css=&#8221;.vc_custom_1620987283612{margin-bottom: 10px !important;}&#8221;][vc_custom_heading text=&#8221;HOSTELARIA&#8221; font_container=&#8221;tag:h3|font_size:28|text_align:center&#8221; use_theme_fonts=&#8221;yes&#8221;][vc_column_text css=&#8221;.vc_custom_1637234515701{margin-bottom: 10px !important;}&#8221;]<\/p>\n<p style=\"text-align: center;\">No setor hoteleiro \u00e9 preciso limpar, desinfetar, conservar e proteger &#8230;<\/p>\n<p>[\/vc_column_text][vc_btn title=&#8221;Leia Mas&#8221; shape=&#8221;square&#8221; color=&#8221;green&#8221; size=&#8221;lg&#8221; align=&#8221;center&#8221; link=&#8221;url:https%3A%2F%2Fquimicamasul.es%2Fpt%2Fsetores-industriais%2Fhostelaria%2F|title:Leia%20Mais&#8221;][\/vc_column][vc_column width=&#8221;1\/3&#8243;][vc_single_image image=&#8221;11070&#8243; img_size=&#8221;medium&#8221; alignment=&#8221;center&#8221; css=&#8221;.vc_custom_1620987353520{margin-bottom: 10px !important;}&#8221;][vc_custom_heading text=&#8221;PADARIAS&#8221; font_container=&#8221;tag:h3|font_size:28|text_align:center&#8221; use_theme_fonts=&#8221;yes&#8221;][vc_column_text css=&#8221;.vc_custom_1637234567380{margin-bottom: 10px !important;}&#8221;]<\/p>\n<p style=\"text-align: center;\">Solu\u00e7\u00f5es que facilitam o desenvolvimento de tarefas no <strong>setor das padarias<\/strong> &#8230;<\/p>\n<p>[\/vc_column_text][vc_btn title=&#8221;Leia Mais&#8221; shape=&#8221;square&#8221; color=&#8221;green&#8221; size=&#8221;lg&#8221; align=&#8221;center&#8221; link=&#8221;url:https%3A%2F%2Fquimicamasul.es%2Fpt%2Fsetores-industriais%2Fpaderias%2F|title:Leia%20Mais&#8221;][\/vc_column][\/vc_row][vc_row][vc_column][vc_empty_space][\/vc_column][\/vc_row]<\/p>\n","protected":false},"excerpt":{"rendered":"<p>[vc_row][vc_column][vc_custom_heading text=&#8221;F\u00e1brica de detergentes para limpeza e higiene industrial&#8221; font_container=&#8221;tag:h1|font_size:45|text_align:center&#8221; use_theme_fonts=&#8221;yes&#8221;][vc_custom_heading text=&#8221;Oferecemos solu\u00e7\u00f5es qu\u00edmicas espec\u00edficas para todos os tipos de setores industriais&#8221; font_container=&#8221;tag:h4|font_size:45|text_align:center&#8221; use_theme_fonts=&#8221;yes&#8221;][\/vc_column][\/vc_row][vc_row][vc_column][vc_empty_space][\/vc_column][\/vc_row][vc_row gap=&#8221;30&#8243; el_class=&#8221;sectores-actuacion&#8221;][vc_column width=&#8221;1\/3&#8243;][vc_single_image image=&#8221;11420&#8243; img_size=&#8221;medium&#8221; alignment=&#8221;center&#8221; css=&#8221;.vc_custom_1633427593906{margin-bottom: 10px !important;}&#8221;][vc_custom_heading text=&#8221;AUTOMOTIVO&#8221; font_container=&#8221;tag:h3|font_size:28|text_align:center&#8221; use_theme_fonts=&#8221;yes&#8221;][vc_column_text css=&#8221;.vc_custom_1637234029017{margin-bottom: 10px !important;}&#8221;] A Qu\u00edmica Masul possui uma ampla gama de solu\u00e7\u00f5es para o tratamento e cuidado de &#8230; &#8230;<\/p>\n","protected":false},"author":1,"featured_media":11247,"parent":0,"menu_order":0,"comment_status":"closed","ping_status":"closed","template":"","meta":{"footnotes":""},"class_list":["post-11246","page","type-page","status-publish","has-post-thumbnail","hentry"],"yoast_head":"<!-- This site is optimized with the Yoast SEO Premium plugin v15.7 - https:\/\/yoast.com\/wordpress\/plugins\/seo\/ -->\n<title>Setores Industriais - Qu\u00edmica Masul - Desinfectantes de Superficies<\/title>\n<meta name=\"description\" content=\"Somos fabricantes de detergentes industriais. Oferecemos solu\u00e7\u00f5es qu\u00edmicas espec\u00edficas para todos os tipos de sectores industriais.\" \/>\n<meta name=\"robots\" content=\"index, follow, max-snippet:-1, max-image-preview:large, max-video-preview:-1\" \/>\n<link rel=\"canonical\" href=\"https:\/\/quimicamasul.es\/pt\/setores-industriais\/\" \/>\n<meta property=\"og:locale\" content=\"pt_PT\" \/>\n<meta property=\"og:type\" content=\"article\" \/>\n<meta property=\"og:title\" content=\"Setores Industriais - Qu\u00edmica Masul - Desinfectantes de Superficies\" \/>\n<meta property=\"og:description\" content=\"Somos fabricantes de detergentes industriais. Oferecemos solu\u00e7\u00f5es qu\u00edmicas espec\u00edficas para todos os tipos de sectores industriais.\" \/>\n<meta property=\"og:url\" content=\"https:\/\/quimicamasul.es\/pt\/setores-industriais\/\" \/>\n<meta property=\"og:site_name\" content=\"Qu\u00edmica Masul - Desinfectantes de Superficies\" \/>\n<meta property=\"article:publisher\" content=\"https:\/\/www.facebook.com\/quimicamasul\/\" \/>\n<meta property=\"article:modified_time\" content=\"2022-07-26T09:29:40+00:00\" \/>\n<meta property=\"og:image\" content=\"https:\/\/quimicamasul.es\/wp-content\/uploads\/2021\/11\/sectores-de-actuacion-industriales.jpg\" \/>\n\t<meta property=\"og:image:width\" content=\"1200\" \/>\n\t<meta property=\"og:image:height\" content=\"628\" \/>\n<meta name=\"twitter:card\" content=\"summary_large_image\" \/>\n<meta name=\"twitter:description\" content=\"Somos fabricantes de detergentes industriais. Oferecemos solu\u00e7\u00f5es qu\u00edmicas espec\u00edficas para todos os tipos de sectores industriais.\" \/>\n<meta name=\"twitter:site\" content=\"@masulquimica\" \/>\n<meta name=\"twitter:label1\" content=\"Est. reading time\">\n\t<meta name=\"twitter:data1\" content=\"2 minutes\">\n<script type=\"application\/ld+json\" class=\"yoast-schema-graph\">{\"@context\":\"https:\/\/schema.org\",\"@graph\":[{\"@type\":\"Organization\",\"@id\":\"https:\/\/quimicamasul.es\/pt\/#organization\",\"name\":\"Qu\\u00edmica Masul\",\"url\":\"https:\/\/quimicamasul.es\/pt\/\",\"sameAs\":[\"https:\/\/www.facebook.com\/quimicamasul\/\",\"https:\/\/www.instagram.com\/quimicamasul\/\",\"https:\/\/es.linkedin.com\/company\/quimica-verde-masul-sll\",\"https:\/\/www.youtube.com\/channel\/UCp3GkH2DxXj47lawOhw-CLA\",\"https:\/\/twitter.com\/masulquimica\"],\"logo\":{\"@type\":\"ImageObject\",\"@id\":\"https:\/\/quimicamasul.es\/pt\/#logo\",\"inLanguage\":\"pt\",\"url\":\"https:\/\/quimicamasul.es\/wp-content\/uploads\/2013\/12\/logo-quimica-masul-webX2.png\",\"width\":682,\"height\":140,\"caption\":\"Qu\\u00edmica Masul\"},\"image\":{\"@id\":\"https:\/\/quimicamasul.es\/pt\/#logo\"}},{\"@type\":\"WebSite\",\"@id\":\"https:\/\/quimicamasul.es\/pt\/#website\",\"url\":\"https:\/\/quimicamasul.es\/pt\/\",\"name\":\"Qu\\u00edmica Masul - Desinfectantes de Superficies\",\"description\":\"Desinfectantes de superficies para diferentes sectores\",\"publisher\":{\"@id\":\"https:\/\/quimicamasul.es\/pt\/#organization\"},\"potentialAction\":[{\"@type\":\"SearchAction\",\"target\":\"https:\/\/quimicamasul.es\/pt\/?s={search_term_string}\",\"query-input\":\"required name=search_term_string\"}],\"inLanguage\":\"pt\"},{\"@type\":\"ImageObject\",\"@id\":\"https:\/\/quimicamasul.es\/pt\/setores-industriais\/#primaryimage\",\"inLanguage\":\"pt\",\"url\":\"https:\/\/quimicamasul.es\/wp-content\/uploads\/2021\/11\/sectores-de-actuacion-industriales.jpg\",\"width\":1200,\"height\":628},{\"@type\":\"WebPage\",\"@id\":\"https:\/\/quimicamasul.es\/pt\/setores-industriais\/#webpage\",\"url\":\"https:\/\/quimicamasul.es\/pt\/setores-industriais\/\",\"name\":\"Setores Industriais - Qu\\u00edmica Masul - Desinfectantes de Superficies\",\"isPartOf\":{\"@id\":\"https:\/\/quimicamasul.es\/pt\/#website\"},\"primaryImageOfPage\":{\"@id\":\"https:\/\/quimicamasul.es\/pt\/setores-industriais\/#primaryimage\"},\"datePublished\":\"2021-11-18T11:23:03+00:00\",\"dateModified\":\"2022-07-26T09:29:40+00:00\",\"description\":\"Somos fabricantes de detergentes industriais. Oferecemos solu\\u00e7\\u00f5es qu\\u00edmicas espec\\u00edficas para todos os tipos de sectores industriais.\",\"inLanguage\":\"pt\",\"potentialAction\":[{\"@type\":\"ReadAction\",\"target\":[\"https:\/\/quimicamasul.es\/pt\/setores-industriais\/\"]}]}]}<\/script>\n<!-- \/ Yoast SEO Premium plugin. -->","_links":{"self":[{"href":"https:\/\/quimicamasul.es\/pt\/wp-json\/wp\/v2\/pages\/11246","targetHints":{"allow":["GET"]}}],"collection":[{"href":"https:\/\/quimicamasul.es\/pt\/wp-json\/wp\/v2\/pages"}],"about":[{"href":"https:\/\/quimicamasul.es\/pt\/wp-json\/wp\/v2\/types\/page"}],"author":[{"embeddable":true,"href":"https:\/\/quimicamasul.es\/pt\/wp-json\/wp\/v2\/users\/1"}],"replies":[{"embeddable":true,"href":"https:\/\/quimicamasul.es\/pt\/wp-json\/wp\/v2\/comments?post=11246"}],"version-history":[{"count":0,"href":"https:\/\/quimicamasul.es\/pt\/wp-json\/wp\/v2\/pages\/11246\/revisions"}],"wp:featuredmedia":[{"embeddable":true,"href":"https:\/\/quimicamasul.es\/pt\/wp-json\/wp\/v2\/media\/11247"}],"wp:attachment":[{"href":"https:\/\/quimicamasul.es\/pt\/wp-json\/wp\/v2\/media?parent=11246"}],"curies":[{"name":"wp","href":"https:\/\/api.w.org\/{rel}","templated":true}]}}