{"id":11253,"date":"2021-11-18T10:52:00","date_gmt":"2021-11-18T10:52:00","guid":{"rendered":"https:\/\/www.quimicamasul.es\/fabricante-detergentes-industriales\/"},"modified":"2022-07-26T09:31:16","modified_gmt":"2022-07-26T09:31:16","slug":"fabrica-detergentes-industriais","status":"publish","type":"page","link":"https:\/\/quimicamasul.es\/pt\/fabrica-detergentes-industriais\/","title":{"rendered":"Quimica Masul"},"content":{"rendered":"<p>[vc_row][vc_column][vc_custom_heading text=&#8221;F\u00c1BRICA DE DETERGENTES INDUSTRIAIS&#8221; font_container=&#8221;tag:h1|font_size:40px|text_align:center&#8221; use_theme_fonts=&#8221;yes&#8221;][vc_custom_heading text=&#8221;Somos membros do projeto ICO como uma empresa de responsabilidade social&#8221; font_container=&#8221;tag:h4|font_size:40px|text_align:center&#8221; use_theme_fonts=&#8221;yes&#8221;][vc_empty_space height=&#8221;42px&#8221;][\/vc_column][\/vc_row][vc_row][vc_column width=&#8221;1\/2&#8243;][vc_column_text]<\/p>\n<p style=\"text-align: justify;\">Desde o in\u00edcio da <strong>Quimica Masul,<\/strong>, sab\u00edamos que respondendo \u00e0s in\u00fameras preocupa\u00e7\u00f5es e necessidades das diferentes ind\u00fastrias, pass\u00e1vamos pela produ\u00e7\u00e3o de muito bons produtos, pela qualifica\u00e7\u00e3o dos nossos representantes comerciais e pelas constantes propostas do nosso departamento de I&amp;D. Somos <strong>fabricantes especializados de detergentes industriais<\/strong>.<strong>N\u00e3o somos a<\/strong><strong>t\u00edpica<\/strong> <strong>f\u00e1brica que vende produtos<\/strong>: antes de vender, analisamos o projeto ou <strong>solu\u00e7\u00e3o<\/strong> de uma <strong>ind\u00fastria<\/strong> em conjunto com o departamento de qualidade dos clientes.<\/p>\n<p style=\"text-align: justify;\">A <strong>forma\u00e7\u00e3o permanente<\/strong> da nossa equipa comercial confere valor acrescentado e traz maior seguran\u00e7a e brilho \u00e0s diferentes propostas nos diversos <a href=\"https:\/\/quimicamasul.es\/pt\/setores-industriais\/\"><strong>sectores industriais<\/strong>.<\/a> Essa sinergia gerada nos permite estar mais presentes em mais instala\u00e7\u00f5es, tanto nacional quanto internacionalmente. Fazemos nossas as vossas preocupa\u00e7\u00f5es, o que nos permitiu <strong>ser pioneiros na resolu\u00e7\u00e3o de diversos problemas do sector agro-alimentar, que at\u00e9 hoje careciam de uma resposta t\u00e9cnico-profissional adequada.<\/strong><\/p>\n<p>[\/vc_column_text][\/vc_column][vc_column width=&#8221;1\/2&#8243;][vc_empty_space height=&#8221;8px&#8221;][vc_single_image image=&#8221;11072&#8243; img_size=&#8221;full&#8221; alignment=&#8221;center&#8221;][\/vc_column][\/vc_row][vc_row][vc_column][vc_column_text]<\/p>\n<p style=\"text-align: justify;\">Sabemos que a dificuldade e o esfor\u00e7o que fazemos s\u00e3o importantes, mas o reconhecimento di\u00e1rio dos clientes, a abordagem constante das empresas que nos pedem conselhos e a vontade de colaborar com mais ind\u00fastrias, torna-nos inconformados e obriga-nos a exigir mais de n\u00f3s pr\u00f3prios . A Qu\u00edmica Masul, h\u00e1 muito tempo, colabora com diferentes <strong>ind\u00fastrias<\/strong> (<strong><a href=\"https:\/\/quimicamasul.es\/pt\/setores-industriais\/automotivo\/\">concession\u00e1rios automotivos<\/a><\/strong>, <a href=\"https:\/\/quimicamasul.es\/pt\/setores-industriais\/lacticineos\/\"><strong>queijarias<\/strong><\/a>, <a href=\"https:\/\/quimicamasul.es\/pt\/setores-industriais\/moinhos-de-oleo\/\"><strong>moinhos de \u00f3leo<\/strong><\/a>, <a href=\"https:\/\/quimicamasul.es\/pt\/setores-industriais\/temperos-e-picles\/\"><strong>ind\u00fastrias de temperos<\/strong><\/a>, <strong><a href=\"https:\/\/quimicamasul.es\/pt\/setores-industriais\/industrias-de-carnes\/\">ind\u00fastrias de carnes<\/a>, <\/strong><strong>etc<\/strong>.) ministrando <strong>cursos de capacita\u00e7\u00e3o<\/strong> de pessoal para que sua atua\u00e7\u00e3o seja mais profissional e requintada no mercado correspondentes. A <strong>Qu\u00edmica Masul<\/strong> oferece um <strong>atendimento personalizado<\/strong> em cada empresa, procurando se adaptar \u00e0s circunst\u00e2ncias de cada cliente, buscando <strong>solu\u00e7\u00f5es que respondam aos seus problemas, minimizando custos e esfor\u00e7os<\/strong>.<\/p>\n<p style=\"text-align: justify;\">Nosso maior desafio \u00e9 melhorar esses &#8220;servi\u00e7os de suporte&#8221; para os clientes; nossa maior satisfa\u00e7\u00e3o \u00e9 sua gratid\u00e3o e lealdade. Se voc\u00ea tiver d\u00favidas t\u00e9cnicas ou quiser melhorar custos, conte conosco, voc\u00ea ter\u00e1 uma <strong>resposta profissional e equilibrada<\/strong> no seu neg\u00f3cio, entrar\u00e1 no &#8220;mundo da Qu\u00edmica Masul&#8221;.<\/p>\n<p>[\/vc_column_text][\/vc_column][\/vc_row][vc_row][vc_column width=&#8221;1\/2&#8243;][vc_btn title=&#8221;Fale Conosco&#8221; style=&#8221;classic&#8221; shape=&#8221;square&#8221; color=&#8221;success&#8221; size=&#8221;lg&#8221; align=&#8221;center&#8221; button_block=&#8221;true&#8221; link=&#8221;url:https%3A%2F%2Fquimicamasul.es%2Fpt%2Fcontato%2F|title:Contato&#8221;][\/vc_column][vc_column width=&#8221;1\/2&#8243;][vc_btn title=&#8221;Setores de Aplica\u00e7\u00e3o&#8221; style=&#8221;classic&#8221; shape=&#8221;square&#8221; color=&#8221;success&#8221; size=&#8221;lg&#8221; align=&#8221;center&#8221; button_block=&#8221;true&#8221; link=&#8221;url:https%3A%2F%2Fquimicamasul.es%2Fpt%2Fsetores-industriais%2F|title:Setores%20Industriais&#8221;][\/vc_column][\/vc_row][vc_row][vc_column][vc_empty_space height=&#8221;42px&#8221;][\/vc_column][\/vc_row]<\/p>\n","protected":false},"excerpt":{"rendered":"<p>[vc_row][vc_column][vc_custom_heading text=&#8221;F\u00c1BRICA DE DETERGENTES INDUSTRIAIS&#8221; font_container=&#8221;tag:h1|font_size:40px|text_align:center&#8221; use_theme_fonts=&#8221;yes&#8221;][vc_custom_heading text=&#8221;Somos membros do projeto ICO como uma empresa de responsabilidade social&#8221; font_container=&#8221;tag:h4|font_size:40px|text_align:center&#8221; use_theme_fonts=&#8221;yes&#8221;][vc_empty_space height=&#8221;42px&#8221;][\/vc_column][\/vc_row][vc_row][vc_column width=&#8221;1\/2&#8243;][vc_column_text] Desde o in\u00edcio da Quimica Masul,, sab\u00edamos que respondendo \u00e0s in\u00fameras preocupa\u00e7\u00f5es e necessidades das diferentes ind\u00fastrias, pass\u00e1vamos pela produ\u00e7\u00e3o de muito bons produtos, pela qualifica\u00e7\u00e3o dos nossos representantes comerciais e pelas constantes &#8230;<\/p>\n","protected":false},"author":1,"featured_media":11254,"parent":0,"menu_order":0,"comment_status":"closed","ping_status":"closed","template":"","meta":{"footnotes":""},"class_list":["post-11253","page","type-page","status-publish","has-post-thumbnail","hentry"],"yoast_head":"<!-- This site is optimized with the Yoast SEO Premium plugin v15.7 - https:\/\/yoast.com\/wordpress\/plugins\/seo\/ -->\n<title>Quimica Masul - F\u00c1BRICA DE DETERGENTES INDUSTRIAIS<\/title>\n<meta name=\"description\" content=\"Somos fabricantes de detergentes industriais. Oferecemos solu\u00e7\u00f5es qu\u00edmicas espec\u00edficas para todos os tipos de sectores industriais.\" \/>\n<meta name=\"robots\" content=\"index, follow, max-snippet:-1, max-image-preview:large, max-video-preview:-1\" \/>\n<link rel=\"canonical\" href=\"https:\/\/quimicamasul.es\/pt\/fabrica-detergentes-industriais\/\" \/>\n<meta property=\"og:locale\" content=\"pt_PT\" \/>\n<meta property=\"og:type\" content=\"article\" \/>\n<meta property=\"og:title\" content=\"Quimica Masul - F\u00c1BRICA DE DETERGENTES INDUSTRIAIS\" \/>\n<meta property=\"og:description\" content=\"Somos fabricantes de detergentes industriais. Oferecemos solu\u00e7\u00f5es qu\u00edmicas espec\u00edficas para todos os tipos de sectores industriais.\" \/>\n<meta property=\"og:url\" content=\"https:\/\/quimicamasul.es\/pt\/fabrica-detergentes-industriais\/\" \/>\n<meta property=\"og:site_name\" content=\"Qu\u00edmica Masul - Desinfectantes de Superficies\" \/>\n<meta property=\"article:publisher\" content=\"https:\/\/www.facebook.com\/quimicamasul\/\" \/>\n<meta property=\"article:modified_time\" content=\"2022-07-26T09:31:16+00:00\" \/>\n<meta property=\"og:image\" content=\"https:\/\/quimicamasul.es\/wp-content\/uploads\/2021\/11\/fabrica-de-detergentes-industriales.jpg\" \/>\n<meta name=\"twitter:card\" content=\"summary_large_image\" \/>\n<meta name=\"twitter:description\" content=\"Somos fabricantes de detergentes industriais. Oferecemos solu\u00e7\u00f5es qu\u00edmicas espec\u00edficas para todos os tipos de sectores industriais.\" \/>\n<meta name=\"twitter:site\" content=\"@masulquimica\" \/>\n<meta name=\"twitter:label1\" content=\"Est. reading time\">\n\t<meta name=\"twitter:data1\" content=\"2 minutes\">\n<script type=\"application\/ld+json\" class=\"yoast-schema-graph\">{\"@context\":\"https:\/\/schema.org\",\"@graph\":[{\"@type\":\"Organization\",\"@id\":\"https:\/\/quimicamasul.es\/pt\/#organization\",\"name\":\"Qu\\u00edmica Masul\",\"url\":\"https:\/\/quimicamasul.es\/pt\/\",\"sameAs\":[\"https:\/\/www.facebook.com\/quimicamasul\/\",\"https:\/\/www.instagram.com\/quimicamasul\/\",\"https:\/\/es.linkedin.com\/company\/quimica-verde-masul-sll\",\"https:\/\/www.youtube.com\/channel\/UCp3GkH2DxXj47lawOhw-CLA\",\"https:\/\/twitter.com\/masulquimica\"],\"logo\":{\"@type\":\"ImageObject\",\"@id\":\"https:\/\/quimicamasul.es\/pt\/#logo\",\"inLanguage\":\"pt\",\"url\":\"https:\/\/quimicamasul.es\/wp-content\/uploads\/2013\/12\/logo-quimica-masul-webX2.png\",\"width\":682,\"height\":140,\"caption\":\"Qu\\u00edmica Masul\"},\"image\":{\"@id\":\"https:\/\/quimicamasul.es\/pt\/#logo\"}},{\"@type\":\"WebSite\",\"@id\":\"https:\/\/quimicamasul.es\/pt\/#website\",\"url\":\"https:\/\/quimicamasul.es\/pt\/\",\"name\":\"Qu\\u00edmica Masul - Desinfectantes de Superficies\",\"description\":\"Desinfectantes de superficies para diferentes sectores\",\"publisher\":{\"@id\":\"https:\/\/quimicamasul.es\/pt\/#organization\"},\"potentialAction\":[{\"@type\":\"SearchAction\",\"target\":\"https:\/\/quimicamasul.es\/pt\/?s={search_term_string}\",\"query-input\":\"required name=search_term_string\"}],\"inLanguage\":\"pt\"},{\"@type\":\"ImageObject\",\"@id\":\"https:\/\/quimicamasul.es\/pt\/fabrica-detergentes-industriais\/#primaryimage\",\"inLanguage\":\"pt\",\"url\":\"https:\/\/quimicamasul.es\/wp-content\/uploads\/2021\/11\/fabrica-de-detergentes-industriales.jpg\",\"width\":1200,\"height\":628},{\"@type\":\"WebPage\",\"@id\":\"https:\/\/quimicamasul.es\/pt\/fabrica-detergentes-industriais\/#webpage\",\"url\":\"https:\/\/quimicamasul.es\/pt\/fabrica-detergentes-industriais\/\",\"name\":\"Quimica Masul - F\\u00c1BRICA DE DETERGENTES INDUSTRIAIS\",\"isPartOf\":{\"@id\":\"https:\/\/quimicamasul.es\/pt\/#website\"},\"primaryImageOfPage\":{\"@id\":\"https:\/\/quimicamasul.es\/pt\/fabrica-detergentes-industriais\/#primaryimage\"},\"datePublished\":\"2021-11-18T10:52:00+00:00\",\"dateModified\":\"2022-07-26T09:31:16+00:00\",\"description\":\"Somos fabricantes de detergentes industriais. Oferecemos solu\\u00e7\\u00f5es qu\\u00edmicas espec\\u00edficas para todos os tipos de sectores industriais.\",\"inLanguage\":\"pt\",\"potentialAction\":[{\"@type\":\"ReadAction\",\"target\":[\"https:\/\/quimicamasul.es\/pt\/fabrica-detergentes-industriais\/\"]}]}]}<\/script>\n<!-- \/ Yoast SEO Premium plugin. -->","_links":{"self":[{"href":"https:\/\/quimicamasul.es\/pt\/wp-json\/wp\/v2\/pages\/11253","targetHints":{"allow":["GET"]}}],"collection":[{"href":"https:\/\/quimicamasul.es\/pt\/wp-json\/wp\/v2\/pages"}],"about":[{"href":"https:\/\/quimicamasul.es\/pt\/wp-json\/wp\/v2\/types\/page"}],"author":[{"embeddable":true,"href":"https:\/\/quimicamasul.es\/pt\/wp-json\/wp\/v2\/users\/1"}],"replies":[{"embeddable":true,"href":"https:\/\/quimicamasul.es\/pt\/wp-json\/wp\/v2\/comments?post=11253"}],"version-history":[{"count":0,"href":"https:\/\/quimicamasul.es\/pt\/wp-json\/wp\/v2\/pages\/11253\/revisions"}],"wp:featuredmedia":[{"embeddable":true,"href":"https:\/\/quimicamasul.es\/pt\/wp-json\/wp\/v2\/media\/11254"}],"wp:attachment":[{"href":"https:\/\/quimicamasul.es\/pt\/wp-json\/wp\/v2\/media?parent=11253"}],"curies":[{"name":"wp","href":"https:\/\/api.w.org\/{rel}","templated":true}]}}