{"id":11312,"date":"2014-05-07T07:22:43","date_gmt":"2014-05-07T07:22:43","guid":{"rendered":"https:\/\/www.quimicamasul.es\/blog\/"},"modified":"2022-07-26T09:35:19","modified_gmt":"2022-07-26T09:35:19","slug":"blog","status":"publish","type":"page","link":"https:\/\/quimicamasul.es\/pt\/blog\/","title":{"rendered":"Blog"},"content":{"rendered":"<p>[vc_row][vc_column][\/vc_column][\/vc_row]<\/p>\n","protected":false},"excerpt":{"rendered":"<p>[vc_row][vc_column][\/vc_column][\/vc_row]<\/p>\n","protected":false},"author":1,"featured_media":11897,"parent":0,"menu_order":0,"comment_status":"open","ping_status":"closed","template":"template-page_builder.php","meta":{"footnotes":""},"class_list":["post-11312","page","type-page","status-publish","has-post-thumbnail","hentry"],"yoast_head":"<!-- This site is optimized with the Yoast SEO Premium plugin v15.7 - https:\/\/yoast.com\/wordpress\/plugins\/seo\/ -->\n<title>Blog - Qu\u00edmica Masul - Desinfectantes de Superficies<\/title>\n<meta name=\"description\" content=\"Blog com not\u00edcias, dicas e informa\u00e7\u00f5es de interesse sobre desinfec\u00e7\u00e3o de superf\u00edcies e tudo o que a rodeia.\" \/>\n<meta name=\"robots\" content=\"index, follow, max-snippet:-1, max-image-preview:large, max-video-preview:-1\" \/>\n<link rel=\"canonical\" href=\"https:\/\/quimicamasul.es\/pt\/blog\/\" \/>\n<meta property=\"og:locale\" content=\"pt_PT\" \/>\n<meta property=\"og:type\" content=\"article\" \/>\n<meta property=\"og:title\" content=\"Blog - Qu\u00edmica Masul - Desinfectantes de Superficies\" \/>\n<meta property=\"og:description\" content=\"Blog com not\u00edcias, dicas e informa\u00e7\u00f5es de interesse sobre desinfec\u00e7\u00e3o de superf\u00edcies e tudo o que a rodeia.\" \/>\n<meta property=\"og:url\" content=\"https:\/\/quimicamasul.es\/pt\/blog\/\" \/>\n<meta property=\"og:site_name\" content=\"Qu\u00edmica Masul - Desinfectantes de Superficies\" \/>\n<meta property=\"article:publisher\" content=\"https:\/\/www.facebook.com\/quimicamasul\/\" \/>\n<meta property=\"article:modified_time\" content=\"2022-07-26T09:35:19+00:00\" \/>\n<meta property=\"og:image\" content=\"https:\/\/quimicamasul.es\/wp-content\/uploads\/2022\/07\/imagenes-destacada-2.jpg\" \/>\n\t<meta property=\"og:image:width\" content=\"1200\" \/>\n\t<meta property=\"og:image:height\" content=\"628\" \/>\n<meta name=\"twitter:card\" content=\"summary_large_image\" \/>\n<meta name=\"twitter:description\" content=\"Blog com not\u00edcias, dicas e informa\u00e7\u00f5es de interesse sobre desinfec\u00e7\u00e3o de superf\u00edcies e tudo o que a rodeia.\" \/>\n<meta name=\"twitter:site\" content=\"@masulquimica\" \/>\n<meta name=\"twitter:label1\" content=\"Est. reading time\">\n\t<meta name=\"twitter:data1\" content=\"1 minute\">\n<script type=\"application\/ld+json\" class=\"yoast-schema-graph\">{\"@context\":\"https:\/\/schema.org\",\"@graph\":[{\"@type\":\"Organization\",\"@id\":\"https:\/\/quimicamasul.es\/pt\/#organization\",\"name\":\"Qu\\u00edmica Masul\",\"url\":\"https:\/\/quimicamasul.es\/pt\/\",\"sameAs\":[\"https:\/\/www.facebook.com\/quimicamasul\/\",\"https:\/\/www.instagram.com\/quimicamasul\/\",\"https:\/\/es.linkedin.com\/company\/quimica-verde-masul-sll\",\"https:\/\/www.youtube.com\/channel\/UCp3GkH2DxXj47lawOhw-CLA\",\"https:\/\/twitter.com\/masulquimica\"],\"logo\":{\"@type\":\"ImageObject\",\"@id\":\"https:\/\/quimicamasul.es\/pt\/#logo\",\"inLanguage\":\"pt\",\"url\":\"https:\/\/quimicamasul.es\/wp-content\/uploads\/2013\/12\/logo-quimica-masul-webX2.png\",\"width\":682,\"height\":140,\"caption\":\"Qu\\u00edmica Masul\"},\"image\":{\"@id\":\"https:\/\/quimicamasul.es\/pt\/#logo\"}},{\"@type\":\"WebSite\",\"@id\":\"https:\/\/quimicamasul.es\/pt\/#website\",\"url\":\"https:\/\/quimicamasul.es\/pt\/\",\"name\":\"Qu\\u00edmica Masul - Desinfectantes de Superficies\",\"description\":\"Desinfectantes de superficies para diferentes sectores\",\"publisher\":{\"@id\":\"https:\/\/quimicamasul.es\/pt\/#organization\"},\"potentialAction\":[{\"@type\":\"SearchAction\",\"target\":\"https:\/\/quimicamasul.es\/pt\/?s={search_term_string}\",\"query-input\":\"required name=search_term_string\"}],\"inLanguage\":\"pt\"},{\"@type\":\"ImageObject\",\"@id\":\"https:\/\/quimicamasul.es\/pt\/blog\/#primaryimage\",\"inLanguage\":\"pt\",\"url\":\"https:\/\/quimicamasul.es\/wp-content\/uploads\/2022\/07\/imagenes-destacada-2.jpg\",\"width\":1200,\"height\":628},{\"@type\":\"WebPage\",\"@id\":\"https:\/\/quimicamasul.es\/pt\/blog\/#webpage\",\"url\":\"https:\/\/quimicamasul.es\/pt\/blog\/\",\"name\":\"Blog - Qu\\u00edmica Masul - Desinfectantes de Superficies\",\"isPartOf\":{\"@id\":\"https:\/\/quimicamasul.es\/pt\/#website\"},\"primaryImageOfPage\":{\"@id\":\"https:\/\/quimicamasul.es\/pt\/blog\/#primaryimage\"},\"datePublished\":\"2014-05-07T07:22:43+00:00\",\"dateModified\":\"2022-07-26T09:35:19+00:00\",\"description\":\"Blog com not\\u00edcias, dicas e informa\\u00e7\\u00f5es de interesse sobre desinfec\\u00e7\\u00e3o de superf\\u00edcies e tudo o que a rodeia.\",\"inLanguage\":\"pt\",\"potentialAction\":[{\"@type\":\"ReadAction\",\"target\":[\"https:\/\/quimicamasul.es\/pt\/blog\/\"]}]}]}<\/script>\n<!-- \/ Yoast SEO Premium plugin. -->","_links":{"self":[{"href":"https:\/\/quimicamasul.es\/pt\/wp-json\/wp\/v2\/pages\/11312","targetHints":{"allow":["GET"]}}],"collection":[{"href":"https:\/\/quimicamasul.es\/pt\/wp-json\/wp\/v2\/pages"}],"about":[{"href":"https:\/\/quimicamasul.es\/pt\/wp-json\/wp\/v2\/types\/page"}],"author":[{"embeddable":true,"href":"https:\/\/quimicamasul.es\/pt\/wp-json\/wp\/v2\/users\/1"}],"replies":[{"embeddable":true,"href":"https:\/\/quimicamasul.es\/pt\/wp-json\/wp\/v2\/comments?post=11312"}],"version-history":[{"count":0,"href":"https:\/\/quimicamasul.es\/pt\/wp-json\/wp\/v2\/pages\/11312\/revisions"}],"wp:featuredmedia":[{"embeddable":true,"href":"https:\/\/quimicamasul.es\/pt\/wp-json\/wp\/v2\/media\/11897"}],"wp:attachment":[{"href":"https:\/\/quimicamasul.es\/pt\/wp-json\/wp\/v2\/media?parent=11312"}],"curies":[{"name":"wp","href":"https:\/\/api.w.org\/{rel}","templated":true}]}}