{"id":11427,"date":"2022-06-14T11:09:17","date_gmt":"2022-06-14T11:09:17","guid":{"rendered":"https:\/\/www.quimicamasul.es\/?page_id=11427"},"modified":"2022-08-05T09:41:05","modified_gmt":"2022-08-05T09:41:05","slug":"solucoes-agriculturais-solucoes-em-portugal","status":"publish","type":"page","link":"https:\/\/quimicamasul.es\/pt\/solucoes-agriculturais-solucoes-em-portugal\/","title":{"rendered":"AGRICULTURA"},"content":{"rendered":"<p>[vc_row][vc_column][vc_empty_space height=&#8221;45px&#8221;][vc_custom_heading text=&#8221;Somos Fabricantes de Solu\u00e7\u00f5es para a Agricultura&#8221; font_container=&#8221;tag:h1|font_size:40px|text_align:center&#8221; use_theme_fonts=&#8221;yes&#8221;][vc_empty_space height=&#8221;42px&#8221;][\/vc_column][\/vc_row][vc_row][vc_column width=&#8221;1\/2&#8243;][vc_images_carousel images=&#8221;11558,11560,11562&#8243; img_size=&#8221;full&#8221; onclick=&#8221;link_no&#8221; autoplay=&#8221;yes&#8221; hide_pagination_control=&#8221;yes&#8221; hide_prev_next_buttons=&#8221;yes&#8221; wrap=&#8221;yes&#8221;][\/vc_column][vc_column width=&#8221;1\/2&#8243;][vc_empty_space height=&#8221;20px&#8221;][vc_column_text]Na <a href=\"\/pt\/fabrica-detergentes-industriais\/\"><strong>Qu\u00edmica Masul<\/strong><\/a>, fabricante de solu\u00e7\u00f5es agr\u00edcolas em Portugal, estamos comprometidos com os problemas que afectam os agricultores e a agricultura e concentramo-nos na sua resolu\u00e7\u00e3o.<\/p>\n<p>O nosso compromisso \u00e9 fornecer solu\u00e7\u00f5es eficientes que se traduzam em poupan\u00e7as para o agricultor.[\/vc_column_text][vc_empty_space height=&#8221;5px&#8221;][vc_btn title=&#8221;Outras solu\u00e7\u00f5es&#8221; style=&#8221;classic&#8221; shape=&#8221;square&#8221; color=&#8221;success&#8221; size=&#8221;lg&#8221; align=&#8221;center&#8221; button_block=&#8221;true&#8221; link=&#8221;url:%2Fpt%2Fsetores-industriais%2F&#8221;][vc_empty_space height=&#8221;5px&#8221;][vc_btn title=&#8221;Contacto connosco&#8221; style=&#8221;classic&#8221; shape=&#8221;square&#8221; color=&#8221;success&#8221; size=&#8221;lg&#8221; align=&#8221;center&#8221; button_block=&#8221;true&#8221; link=&#8221;url:%2Fpt%2Fcontato%2F&#8221;][\/vc_column][\/vc_row][vc_row full_width=&#8221;stretch_row&#8221;][vc_column][vc_empty_space height=&#8221;20px&#8221;][vc_custom_heading text=&#8221;Linhas de trabalho&#8221; font_container=&#8221;tag:h2|font_size:40px|text_align:center&#8221; use_theme_fonts=&#8221;yes&#8221;][vc_empty_space height=&#8221;20px&#8221;][vc_row_inner gap=&#8221;35&#8243; el_id=&#8221;lineas-trabajo&#8221;][vc_column_inner width=&#8221;1\/3&#8243;][vc_single_image image=&#8221;11742&#8243; img_size=&#8221;full&#8221; alignment=&#8221;center&#8221; css=&#8221;.vc_custom_1649408283858{margin-bottom: 0px !important;padding-bottom: 0px !important;}&#8221;][vc_custom_heading text=&#8221;Lagoas e oleodutos&#8221; font_container=&#8221;tag:h4|font_size:20|text_align:center&#8221; use_theme_fonts=&#8221;yes&#8221;][vc_column_text]<\/p>\n<p style=\"text-align: center;\">Com os nossos produtos, asseguramos que a \u00e1gua est\u00e1 em <strong>\u00f3ptimas condi\u00e7\u00f5es de utiliza\u00e7\u00e3o<\/strong>.<\/p>\n<p>[\/vc_column_text][\/vc_column_inner][vc_column_inner width=&#8221;1\/3&#8243;][vc_single_image image=&#8221;11738&#8243; img_size=&#8221;full&#8221; alignment=&#8221;center&#8221; css=&#8221;.vc_custom_1649408290420{margin-bottom: 0px !important;padding-bottom: 0px !important;}&#8221;][vc_custom_heading text=&#8221;Sistemas de irriga\u00e7\u00e3o por gotejamento&#8221; font_container=&#8221;tag:h4|font_size:20|text_align:center&#8221; use_theme_fonts=&#8221;yes&#8221;][vc_column_text]<\/p>\n<p style=\"text-align: center;\">O objectivo dos nossos produtos \u00e9 conseguir uma <strong>irriga\u00e7\u00e3o homog\u00e9nea e eficiente<\/strong>.<\/p>\n<p>[\/vc_column_text][\/vc_column_inner][vc_column_inner width=&#8221;1\/3&#8243;][vc_single_image image=&#8221;11740&#8243; img_size=&#8221;full&#8221; alignment=&#8221;center&#8221; css=&#8221;.vc_custom_1649408297442{margin-bottom: 0px !important;padding-bottom: 0px !important;}&#8221;][vc_custom_heading text=&#8221;Cultivos&#8221; font_container=&#8221;tag:h4|font_size:20|text_align:center&#8221; use_theme_fonts=&#8221;yes&#8221;][vc_column_text]<\/p>\n<p style=\"text-align: center;\">Culturas mais <strong>resistentes a pragas<\/strong> e <strong>doen\u00e7as<\/strong> e com <strong>rendimentos mais elevados<\/strong>.<\/p>\n<p>[\/vc_column_text][\/vc_column_inner][\/vc_row_inner][vc_empty_space height=&#8221;40px&#8221;][\/vc_column][\/vc_row]<\/p>\n","protected":false},"excerpt":{"rendered":"<p>[vc_row][vc_column][vc_empty_space height=&#8221;45px&#8221;][vc_custom_heading text=&#8221;Somos Fabricantes de Solu\u00e7\u00f5es para a Agricultura&#8221; font_container=&#8221;tag:h1|font_size:40px|text_align:center&#8221; use_theme_fonts=&#8221;yes&#8221;][vc_empty_space height=&#8221;42px&#8221;][\/vc_column][\/vc_row][vc_row][vc_column width=&#8221;1\/2&#8243;][vc_images_carousel images=&#8221;11558,11560,11562&#8243; img_size=&#8221;full&#8221; onclick=&#8221;link_no&#8221; autoplay=&#8221;yes&#8221; hide_pagination_control=&#8221;yes&#8221; hide_prev_next_buttons=&#8221;yes&#8221; wrap=&#8221;yes&#8221;][\/vc_column][vc_column width=&#8221;1\/2&#8243;][vc_empty_space height=&#8221;20px&#8221;][vc_column_text]Na Qu\u00edmica Masul, fabricante de solu\u00e7\u00f5es agr\u00edcolas em Portugal, estamos comprometidos com os problemas que afectam os agricultores e a agricultura e concentramo-nos na sua resolu\u00e7\u00e3o. O nosso compromisso \u00e9 fornecer solu\u00e7\u00f5es eficientes que &#8230;<\/p>\n","protected":false},"author":1,"featured_media":12091,"parent":0,"menu_order":0,"comment_status":"closed","ping_status":"closed","template":"","meta":{"footnotes":""},"class_list":["post-11427","page","type-page","status-publish","has-post-thumbnail","hentry"],"yoast_head":"<!-- This site is optimized with the Yoast SEO Premium plugin v15.7 - https:\/\/yoast.com\/wordpress\/plugins\/seo\/ -->\n<title>Soluciones agr\u00edcolas en M\u00e1laga -AGRICULTURA - Qu\u00edmica Masul<\/title>\n<meta name=\"description\" content=\"Solu\u00e7\u00f5es agr\u00edcolas em Portugal. Estamos empenhados em fornecer solu\u00e7\u00f5es eficientes que gerem poupan\u00e7as para os nossos agricultores.\" \/>\n<meta name=\"robots\" content=\"index, follow, max-snippet:-1, max-image-preview:large, max-video-preview:-1\" \/>\n<link rel=\"canonical\" href=\"https:\/\/quimicamasul.es\/pt\/solucoes-agriculturais-solucoes-em-portugal\/\" \/>\n<meta property=\"og:locale\" content=\"pt_PT\" \/>\n<meta property=\"og:type\" content=\"article\" \/>\n<meta property=\"og:title\" content=\"Soluciones agr\u00edcolas en M\u00e1laga -AGRICULTURA - Qu\u00edmica Masul\" \/>\n<meta property=\"og:description\" content=\"Solu\u00e7\u00f5es agr\u00edcolas em Portugal. Estamos empenhados em fornecer solu\u00e7\u00f5es eficientes que gerem poupan\u00e7as para os nossos agricultores.\" \/>\n<meta property=\"og:url\" content=\"https:\/\/quimicamasul.es\/pt\/solucoes-agriculturais-solucoes-em-portugal\/\" \/>\n<meta property=\"og:site_name\" content=\"Qu\u00edmica Masul - Desinfectantes de Superficies\" \/>\n<meta property=\"article:publisher\" content=\"https:\/\/www.facebook.com\/quimicamasul\/\" \/>\n<meta property=\"article:modified_time\" content=\"2022-08-05T09:41:05+00:00\" \/>\n<meta property=\"og:image\" content=\"https:\/\/quimicamasul.es\/wp-content\/uploads\/2022\/08\/imagenes-destacada-agricultura.jpg\" \/>\n\t<meta property=\"og:image:width\" content=\"1200\" \/>\n\t<meta property=\"og:image:height\" content=\"628\" \/>\n<meta name=\"twitter:card\" content=\"summary_large_image\" \/>\n<meta name=\"twitter:site\" content=\"@masulquimica\" \/>\n<meta name=\"twitter:label1\" content=\"Est. reading time\">\n\t<meta name=\"twitter:data1\" content=\"1 minute\">\n<script type=\"application\/ld+json\" class=\"yoast-schema-graph\">{\"@context\":\"https:\/\/schema.org\",\"@graph\":[{\"@type\":\"Organization\",\"@id\":\"https:\/\/quimicamasul.es\/pt\/#organization\",\"name\":\"Qu\\u00edmica Masul\",\"url\":\"https:\/\/quimicamasul.es\/pt\/\",\"sameAs\":[\"https:\/\/www.facebook.com\/quimicamasul\/\",\"https:\/\/www.instagram.com\/quimicamasul\/\",\"https:\/\/es.linkedin.com\/company\/quimica-verde-masul-sll\",\"https:\/\/www.youtube.com\/channel\/UCp3GkH2DxXj47lawOhw-CLA\",\"https:\/\/twitter.com\/masulquimica\"],\"logo\":{\"@type\":\"ImageObject\",\"@id\":\"https:\/\/quimicamasul.es\/pt\/#logo\",\"inLanguage\":\"pt\",\"url\":\"https:\/\/quimicamasul.es\/wp-content\/uploads\/2013\/12\/logo-quimica-masul-webX2.png\",\"width\":682,\"height\":140,\"caption\":\"Qu\\u00edmica Masul\"},\"image\":{\"@id\":\"https:\/\/quimicamasul.es\/pt\/#logo\"}},{\"@type\":\"WebSite\",\"@id\":\"https:\/\/quimicamasul.es\/pt\/#website\",\"url\":\"https:\/\/quimicamasul.es\/pt\/\",\"name\":\"Qu\\u00edmica Masul - Desinfectantes de Superficies\",\"description\":\"Desinfectantes de superficies para diferentes sectores\",\"publisher\":{\"@id\":\"https:\/\/quimicamasul.es\/pt\/#organization\"},\"potentialAction\":[{\"@type\":\"SearchAction\",\"target\":\"https:\/\/quimicamasul.es\/pt\/?s={search_term_string}\",\"query-input\":\"required name=search_term_string\"}],\"inLanguage\":\"pt\"},{\"@type\":\"ImageObject\",\"@id\":\"https:\/\/quimicamasul.es\/pt\/solucoes-agriculturais-solucoes-em-portugal\/#primaryimage\",\"inLanguage\":\"pt\",\"url\":\"https:\/\/quimicamasul.es\/wp-content\/uploads\/2022\/08\/imagenes-destacada-agricultura.jpg\",\"width\":1200,\"height\":628},{\"@type\":\"WebPage\",\"@id\":\"https:\/\/quimicamasul.es\/pt\/solucoes-agriculturais-solucoes-em-portugal\/#webpage\",\"url\":\"https:\/\/quimicamasul.es\/pt\/solucoes-agriculturais-solucoes-em-portugal\/\",\"name\":\"Soluciones agr\\u00edcolas en M\\u00e1laga -AGRICULTURA - Qu\\u00edmica Masul\",\"isPartOf\":{\"@id\":\"https:\/\/quimicamasul.es\/pt\/#website\"},\"primaryImageOfPage\":{\"@id\":\"https:\/\/quimicamasul.es\/pt\/solucoes-agriculturais-solucoes-em-portugal\/#primaryimage\"},\"datePublished\":\"2022-06-14T11:09:17+00:00\",\"dateModified\":\"2022-08-05T09:41:05+00:00\",\"description\":\"Solu\\u00e7\\u00f5es agr\\u00edcolas em Portugal. Estamos empenhados em fornecer solu\\u00e7\\u00f5es eficientes que gerem poupan\\u00e7as para os nossos agricultores.\",\"inLanguage\":\"pt\",\"potentialAction\":[{\"@type\":\"ReadAction\",\"target\":[\"https:\/\/quimicamasul.es\/pt\/solucoes-agriculturais-solucoes-em-portugal\/\"]}]}]}<\/script>\n<!-- \/ Yoast SEO Premium plugin. -->","_links":{"self":[{"href":"https:\/\/quimicamasul.es\/pt\/wp-json\/wp\/v2\/pages\/11427","targetHints":{"allow":["GET"]}}],"collection":[{"href":"https:\/\/quimicamasul.es\/pt\/wp-json\/wp\/v2\/pages"}],"about":[{"href":"https:\/\/quimicamasul.es\/pt\/wp-json\/wp\/v2\/types\/page"}],"author":[{"embeddable":true,"href":"https:\/\/quimicamasul.es\/pt\/wp-json\/wp\/v2\/users\/1"}],"replies":[{"embeddable":true,"href":"https:\/\/quimicamasul.es\/pt\/wp-json\/wp\/v2\/comments?post=11427"}],"version-history":[{"count":0,"href":"https:\/\/quimicamasul.es\/pt\/wp-json\/wp\/v2\/pages\/11427\/revisions"}],"wp:featuredmedia":[{"embeddable":true,"href":"https:\/\/quimicamasul.es\/pt\/wp-json\/wp\/v2\/media\/12091"}],"wp:attachment":[{"href":"https:\/\/quimicamasul.es\/pt\/wp-json\/wp\/v2\/media?parent=11427"}],"curies":[{"name":"wp","href":"https:\/\/api.w.org\/{rel}","templated":true}]}}